{"id":31068,"date":"2024-04-18T14:52:18","date_gmt":"2024-04-18T12:52:18","guid":{"rendered":"https:\/\/next.swiss1chirurgie.ch\/?page_id=31068"},"modified":"2024-08-26T23:36:46","modified_gmt":"2024-08-26T21:36:46","slug":"sponsoring","status":"publish","type":"page","link":"https:\/\/www.swiss1chirurgie.ch\/fr\/sponsoring\/","title":{"rendered":"Sponsoring"},"content":{"rendered":"<h1 class=\"wp-block-post-title\">Sponsoring<\/h1>\n\n\n<div class=\"wp-block-columns is-layout-flex wp-container-core-columns-is-layout-9d6595d7 wp-block-columns-is-layout-flex\">\n<div class=\"wp-block-column is-layout-flow wp-block-column-is-layout-flow\">\n<p>La promotion de l&rsquo;activit\u00e9 physique et du sport est importante pour nous, c&rsquo;est pourquoi nous soutenons les organisations suivantes:<\/p>\n<\/div>\n<\/div>\n\n\n\n<hr class=\"wp-block-separator has-text-color has-rot-color has-alpha-channel-opacity has-rot-background-color has-background\"\/>\n\n\n\n<h2 class=\"wp-block-heading has-black-color has-text-color has-link-color wp-elements-749a29d491ce1f690632de56edd73d5b\">Bergdorf EM<br>Le tournoi de football le plus fou des Alpes<\/h2>\n\n\n\n<div class=\"wp-block-columns is-layout-flex wp-container-core-columns-is-layout-9d6595d7 wp-block-columns-is-layout-flex\">\n<div class=\"wp-block-column is-layout-flow wp-block-column-is-layout-flow\" style=\"flex-basis:33.33%\">\n<figure class=\"wp-block-image size-full border-red\"><img loading=\"lazy\" decoding=\"async\" width=\"700\" height=\"460\" src=\"https:\/\/www.swiss1chirurgie.ch\/wp-content\/uploads\/2024\/05\/Bergdorf-EM.jpg\" alt=\"\" class=\"wp-image-29059\" srcset=\"https:\/\/www.swiss1chirurgie.ch\/wp-content\/uploads\/2024\/05\/Bergdorf-EM.jpg 700w, https:\/\/www.swiss1chirurgie.ch\/wp-content\/uploads\/2024\/05\/Bergdorf-EM-600x394.jpg 600w\" sizes=\"auto, (max-width: 700px) 100vw, 700px\" \/><\/figure>\n<\/div>\n\n\n\n<div class=\"wp-block-column is-layout-flow wp-block-column-is-layout-flow\" style=\"flex-basis:66.66%\">\n<p>Le Championnat d&rsquo;Europe de football des villages de montagne a \u00e9t\u00e9 cr\u00e9\u00e9 en 2008 \u00e0 Gspon (Valais\/Suisse) comme une petite s\u0153ur de l&rsquo;UEFA EURO\u2122 officielle. Depuis, tous les quatre ans, huit \u00e9quipes de huit nations europ\u00e9ennes participent au tournoi de football le plus fou des Alpes. Apr\u00e8s la premi\u00e8re \u00e9dition en 2008 \u00e0 Gspon et la deuxi\u00e8me en 2012 \u00e0 Kleinarl, la troisi\u00e8me Euro des villages de montagne aura lieu cette ann\u00e9e du 2 au 5 juin \u00e0 Morzine (France). Avec cette comp\u00e9tition, l&rsquo;association Euro des villages de montagne souhaite mettre en valeur les montagnes et leur population de mani\u00e8re ludique, tout en assumant une responsabilit\u00e9 sociale durable.<\/p>\n\n\n\n<p class=\"has-black-color has-text-color has-link-color wp-elements-830f4bf74959207fd371e511f19d83fb\"><a href=\"http:\/\/www.bergdorfem.com\" target=\"_blank\" rel=\"noreferrer noopener nofollow\"><strong>www.bergdorfem.com<\/strong><\/a><\/p>\n<\/div>\n<\/div>\n\n\n\n<hr class=\"wp-block-separator has-text-color has-rot-color has-alpha-channel-opacity has-rot-background-color has-background\"\/>\n\n\n\n<h2 class=\"wp-block-heading has-black-color has-text-color has-link-color wp-elements-7c01733cff2babe434d9346b477332f5\">Skiclub Grindelwald<\/h2>\n\n\n\n<div class=\"wp-block-columns is-layout-flex wp-container-core-columns-is-layout-9d6595d7 wp-block-columns-is-layout-flex\">\n<div class=\"wp-block-column is-layout-flow wp-block-column-is-layout-flow\" style=\"flex-basis:33.33%\">\n<figure class=\"wp-block-image size-full border-red\"><img loading=\"lazy\" decoding=\"async\" width=\"700\" height=\"460\" src=\"https:\/\/www.swiss1chirurgie.ch\/wp-content\/uploads\/2024\/05\/Skiclub-Grindelwald.jpg\" alt=\"\" class=\"wp-image-29068\" srcset=\"https:\/\/www.swiss1chirurgie.ch\/wp-content\/uploads\/2024\/05\/Skiclub-Grindelwald.jpg 700w, https:\/\/www.swiss1chirurgie.ch\/wp-content\/uploads\/2024\/05\/Skiclub-Grindelwald-600x394.jpg 600w\" sizes=\"auto, (max-width: 700px) 100vw, 700px\" \/><\/figure>\n<\/div>\n\n\n\n<div class=\"wp-block-column is-layout-flow wp-block-column-is-layout-flow\" style=\"flex-basis:66.66%\">\n<p>Le Ski-Club de Grindelwald compte plus de 500 membres et fait partie des plus grands clubs de la F\u00e9d\u00e9ration Suisse de Ski (Swiss-Ski). Il est subordonn\u00e9 au Berner Oberl\u00e4ndischen Skiverband (BOSV).<\/p>\n\n\n\n<p>La promotion des enfants et des jeunes ainsi que leur plaisir pour les sports de neige sont la priorit\u00e9 absolue.<\/p>\n\n\n\n<p class=\"has-black-color has-text-color has-link-color wp-elements-822c8c01949def117dc128f341735435\"><strong><a href=\"http:\/\/www.skiclub-grindelwald.ch\" target=\"_blank\" rel=\"noreferrer noopener nofollow\">www.skiclub-grindelwald.ch<\/a><\/strong><\/p>\n<\/div>\n<\/div>\n\n\n\n<hr class=\"wp-block-separator has-text-color has-rot-color has-alpha-channel-opacity has-rot-background-color has-background\"\/>\n\n\n\n<h2 class=\"wp-block-heading has-black-color has-text-color has-link-color wp-elements-b10fc33c83d672312476780e31a3d059\">Orosport Thalmatt<\/h2>\n\n\n\n<div class=\"wp-block-columns is-layout-flex wp-container-core-columns-is-layout-9d6595d7 wp-block-columns-is-layout-flex\">\n<div class=\"wp-block-column is-layout-flow wp-block-column-is-layout-flow\" style=\"flex-basis:33.33%\">\n<figure class=\"wp-block-image size-full border-red\"><img loading=\"lazy\" decoding=\"async\" width=\"700\" height=\"460\" src=\"https:\/\/www.swiss1chirurgie.ch\/wp-content\/uploads\/2024\/05\/oro-Tennis.jpg\" alt=\"\" class=\"wp-image-29065\" srcset=\"https:\/\/www.swiss1chirurgie.ch\/wp-content\/uploads\/2024\/05\/oro-Tennis.jpg 700w, https:\/\/www.swiss1chirurgie.ch\/wp-content\/uploads\/2024\/05\/oro-Tennis-600x394.jpg 600w\" sizes=\"auto, (max-width: 700px) 100vw, 700px\" \/><\/figure>\n<\/div>\n\n\n\n<div class=\"wp-block-column is-layout-flow wp-block-column-is-layout-flow\" style=\"flex-basis:66.66%\">\n<p>L&rsquo;infrastructure de notre centre sportif offre tout ce que ton c\u0153ur d\u00e9sire.<\/p>\n\n\n\n<p class=\"has-black-color has-text-color has-link-color wp-elements-e2b965d58720449027d803f96a1c10ba\"><strong><a href=\"http:\/\/www.thalmattsport.ch\" target=\"_blank\" rel=\"noreferrer noopener nofollow\">www.thalmattsport.ch<\/a><\/strong><\/p>\n<\/div>\n<\/div>\n\n\n\n<hr class=\"wp-block-separator has-text-color has-rot-color has-alpha-channel-opacity has-rot-background-color has-background\"\/>\n\n\n\n<h2 class=\"wp-block-heading has-black-color has-text-color has-link-color wp-elements-9713c29ad5e73d46ad6a6baf2569f272\">BSC YOUNG BOYS<\/h2>\n\n\n\n<div class=\"wp-block-columns is-layout-flex wp-container-core-columns-is-layout-9d6595d7 wp-block-columns-is-layout-flex\">\n<div class=\"wp-block-column is-layout-flow wp-block-column-is-layout-flow\" style=\"flex-basis:33.33%\">\n<figure class=\"wp-block-image size-full border-red\"><img loading=\"lazy\" decoding=\"async\" width=\"700\" height=\"460\" src=\"https:\/\/www.swiss1chirurgie.ch\/wp-content\/uploads\/2024\/05\/BSC-Young-Boys.jpg\" alt=\"\" class=\"wp-image-29062\" srcset=\"https:\/\/www.swiss1chirurgie.ch\/wp-content\/uploads\/2024\/05\/BSC-Young-Boys.jpg 700w, https:\/\/www.swiss1chirurgie.ch\/wp-content\/uploads\/2024\/05\/BSC-Young-Boys-600x394.jpg 600w\" sizes=\"auto, (max-width: 700px) 100vw, 700px\" \/><\/figure>\n<\/div>\n\n\n\n<div class=\"wp-block-column is-layout-flow wp-block-column-is-layout-flow\" style=\"flex-basis:66.66%\">\n<p>Le BSC Young Boys est avant tout un club de football. Notre ambition est de montrer un sport passionn\u00e9 et attractif tout en \u00e9tant couronn\u00e9s de succ\u00e8s. Nous misons sur la jeunesse et offrons aux stars de demain la possibilit\u00e9 de s&rsquo;\u00e9panouir et de se d\u00e9velopper.<\/p>\n\n\n\n<p class=\"has-black-color has-text-color has-link-color wp-elements-d37c7f8087f6a87081d7d0e964855910\"><strong><a href=\"http:\/\/www.bscyb.ch\" target=\"_blank\" rel=\"noreferrer noopener nofollow\">www.bscyb.ch<\/a><\/strong><\/p>\n<\/div>\n<\/div>\n","protected":false},"excerpt":{"rendered":"La promotion de l&rsquo;activit\u00e9 physique et du sport est importante pour nous, c&rsquo;est pourquoi nous soutenons les organisations suivantes: Bergdorf EMLe tournoi de football le plus fou des Alpes Le Championnat d&rsquo;Europe de football des villages de montagne a \u00e9t\u00e9 cr\u00e9\u00e9 en 2008 \u00e0 Gspon (Valais\/Suisse) comme une petite s\u0153ur de l&rsquo;UEFA EURO\u2122 officielle. Depuis, tous les quatre ans, huit \u00e9quipes de huit nations europ\u00e9ennes participent au tournoi de football le plus fou des Alpes. Apr\u00e8s la premi\u00e8re \u00e9dition en [&hellip;]","protected":false},"author":3,"featured_media":30989,"parent":0,"menu_order":8,"comment_status":"closed","ping_status":"closed","template":"template-full-width.php","meta":{"_acf_changed":false,"footnotes":""},"class_list":["post-31068","page","type-page","status-publish","has-post-thumbnail","hentry"],"acf":[],"_links":{"self":[{"href":"https:\/\/www.swiss1chirurgie.ch\/fr\/wp-json\/wp\/v2\/pages\/31068","targetHints":{"allow":["GET"]}}],"collection":[{"href":"https:\/\/www.swiss1chirurgie.ch\/fr\/wp-json\/wp\/v2\/pages"}],"about":[{"href":"https:\/\/www.swiss1chirurgie.ch\/fr\/wp-json\/wp\/v2\/types\/page"}],"author":[{"embeddable":true,"href":"https:\/\/www.swiss1chirurgie.ch\/fr\/wp-json\/wp\/v2\/users\/3"}],"replies":[{"embeddable":true,"href":"https:\/\/www.swiss1chirurgie.ch\/fr\/wp-json\/wp\/v2\/comments?post=31068"}],"version-history":[{"count":1,"href":"https:\/\/www.swiss1chirurgie.ch\/fr\/wp-json\/wp\/v2\/pages\/31068\/revisions"}],"predecessor-version":[{"id":31069,"href":"https:\/\/www.swiss1chirurgie.ch\/fr\/wp-json\/wp\/v2\/pages\/31068\/revisions\/31069"}],"wp:featuredmedia":[{"embeddable":true,"href":"https:\/\/www.swiss1chirurgie.ch\/fr\/wp-json\/wp\/v2\/media\/30989"}],"wp:attachment":[{"href":"https:\/\/www.swiss1chirurgie.ch\/fr\/wp-json\/wp\/v2\/media?parent=31068"}],"curies":[{"name":"wp","href":"https:\/\/api.w.org\/{rel}","templated":true}]}}