{"id":31060,"date":"2024-04-18T14:51:02","date_gmt":"2024-04-18T12:51:02","guid":{"rendered":"https:\/\/next.swiss1chirurgie.ch\/?page_id=31060"},"modified":"2024-08-27T13:09:27","modified_gmt":"2024-08-27T11:09:27","slug":"obesity-et-chirurgie-bariatrique","status":"publish","type":"page","link":"https:\/\/www.swiss1chirurgie.ch\/fr\/specialites\/obesity-et-chirurgie-bariatrique\/","title":{"rendered":"Ob\u00e9sit\u00e9 et chirurgie bariatrique"},"content":{"rendered":"<h1 class=\"wp-block-post-title\">Ob\u00e9sit\u00e9 et chirurgie bariatrique<\/h1>\n\n\n<div class=\"wp-block-columns is-layout-flex wp-container-core-columns-is-layout-9d6595d7 wp-block-columns-is-layout-flex\">\n<div class=\"wp-block-column is-layout-flow wp-block-column-is-layout-flow\" style=\"flex-basis:33.33%\">\n<p class=\"has-rot-color has-text-color has-link-color wp-elements-4e3d9981a65ba065abf58b6a236896ca\">Swiss1Chirurgie repr\u00e9sente de nombreuses ann\u00e9es d&rsquo;exp\u00e9rience dans le domaine de la chirurgie de l&rsquo;ob\u00e9sit\u00e9 (chirurgie bariatrique). Notre \u00e9quipe interdisciplinaire vous offre une prise en charge compl\u00e8te pour le traitement conservateur et chirurgical de l&rsquo;ob\u00e9sit\u00e9. Nous sommes l&rsquo;un des plus grands centres de chirurgie bariatrique en Suisse.<\/p>\n\n\n\n<figure class=\"wp-block-image aligncenter size-full is-resized\"><img decoding=\"async\" src=\"https:\/\/www.swiss1chirurgie.ch\/wp-content\/uploads\/2024\/07\/ubergewicht-dark.svg\" alt=\"\" class=\"wp-image-29886\" style=\"object-fit:cover;width:120px;height:120px\"\/><\/figure>\n<\/div>\n\n\n\n<div class=\"wp-block-column is-layout-flow wp-block-column-is-layout-flow\" style=\"flex-basis:66.66%\">\n<p>L&rsquo;ob\u00e9sit\u00e9 (ob\u00e9sit\u00e9 morbide) est une maladie chronique qui a doubl\u00e9 en Suisse au cours des 30 derni\u00e8res ann\u00e9es.<\/p>\n\n\n\n<p>Il est d\u00e9sormais reconnu que cette maladie est caus\u00e9e par des facteurs g\u00e9n\u00e9tiques, \u00e9pig\u00e9n\u00e9tiques et acquis. Cela signifie que, bien que l&rsquo;ob\u00e9sit\u00e9 morbide ne puisse pas \u00eatre gu\u00e9rie, elle peut \u00eatre trait\u00e9e.<\/p>\n\n\n\n<p>Le traitement de l&rsquo;ob\u00e9sit\u00e9 est complexe. Les changements de mode de vie, avec un r\u00e9gime hypocalorique et une augmentation de l&rsquo;activit\u00e9 physique, ou m\u00eame les traitements par injections de perte de poids, ne suffisent souvent pas \u00e0 obtenir une r\u00e9duction de poids suffisante \u00e0 long terme. En particulier dans le cas d&rsquo;une ob\u00e9sit\u00e9 avec un IMC &gt; 35 kg\/m2, cela est difficilement r\u00e9alisable par des m\u00e9thodes conservatrices.<\/p>\n\n\n\n<p>C&rsquo;est pourquoi la chirurgie bariatrique reste le seul moyen d&rsquo;assurer une perte de poids durable chez les personnes souffrant d&rsquo;ob\u00e9sit\u00e9 s\u00e9v\u00e8re. Bien que les th\u00e9rapies m\u00e9dicamenteuses soient prometteuses, elles n&rsquo;ont pas \u00e9t\u00e9 suffisamment efficaces \u00e0 ce jour et ne sont pas durables.<\/p>\n<\/div>\n<\/div>\n\n\n\n<div id=\"\" class=\"block-inner\">\n\t<div class=\"uk-container  stoerer bottom\">\n\t\t\n\n<h2 class=\"wp-block-heading\">Quelles op\u00e9rations sont courantes?<\/h2>\n\n\n\n<div class=\"wp-block-columns stack-reverse is-layout-flex wp-container-core-columns-is-layout-9d6595d7 wp-block-columns-is-layout-flex\">\n<div class=\"wp-block-column is-layout-flow wp-block-column-is-layout-flow\" style=\"flex-basis:33.33%\">\n<figure class=\"wp-block-image size-large\"><img loading=\"lazy\" decoding=\"async\" width=\"600\" height=\"600\" src=\"https:\/\/www.swiss1chirurgie.ch\/wp-content\/uploads\/2024\/08\/bariatric-bypass-600x600.jpg\" alt=\"\" class=\"wp-image-30501\" srcset=\"https:\/\/www.swiss1chirurgie.ch\/wp-content\/uploads\/2024\/08\/bariatric-bypass-600x600.jpg 600w, https:\/\/www.swiss1chirurgie.ch\/wp-content\/uploads\/2024\/08\/bariatric-bypass-150x150.jpg 150w, https:\/\/www.swiss1chirurgie.ch\/wp-content\/uploads\/2024\/08\/bariatric-bypass-768x768.jpg 768w, https:\/\/www.swiss1chirurgie.ch\/wp-content\/uploads\/2024\/08\/bariatric-bypass.jpg 800w\" sizes=\"auto, (max-width: 600px) 100vw, 600px\" \/><\/figure>\n<\/div>\n\n\n\n<div class=\"wp-block-column is-layout-flow wp-block-column-is-layout-flow\" style=\"flex-basis:66.66%\">\n<h3 class=\"wp-block-heading\">Bypass gastrique<\/h3>\n\n\n\n<p>L&rsquo;op\u00e9ration de r\u00e9f\u00e9rence, qui provoque une sati\u00e9t\u00e9 rapide et une absorption r\u00e9duite des nutriments. De plus, des changements hormonaux entra\u00eenent une diminution de l&rsquo;app\u00e9tit et une sati\u00e9t\u00e9 rapide.<\/p>\n\n\n\n<p>Lors de la chirurgie de bypass, la majeure partie de l&rsquo;estomac et une partie de l&rsquo;intestin gr\u00eale sont contourn\u00e9es, ce qui signifie que la nourriture ne traverse plus l&rsquo;ensemble du tractus gastro-intestinal.<\/p>\n<\/div>\n<\/div>\n\n\n\n<div class=\"wp-block-columns stack-reverse is-layout-flex wp-container-core-columns-is-layout-9d6595d7 wp-block-columns-is-layout-flex\">\n<div class=\"wp-block-column is-layout-flow wp-block-column-is-layout-flow\" style=\"flex-basis:33.33%\">\n<figure class=\"wp-block-image size-large\"><img loading=\"lazy\" decoding=\"async\" width=\"600\" height=\"600\" src=\"https:\/\/www.swiss1chirurgie.ch\/wp-content\/uploads\/2024\/08\/bariatric-sleeve-600x600.jpg\" alt=\"\" class=\"wp-image-30504\" srcset=\"https:\/\/www.swiss1chirurgie.ch\/wp-content\/uploads\/2024\/08\/bariatric-sleeve-600x600.jpg 600w, https:\/\/www.swiss1chirurgie.ch\/wp-content\/uploads\/2024\/08\/bariatric-sleeve-150x150.jpg 150w, https:\/\/www.swiss1chirurgie.ch\/wp-content\/uploads\/2024\/08\/bariatric-sleeve-768x768.jpg 768w, https:\/\/www.swiss1chirurgie.ch\/wp-content\/uploads\/2024\/08\/bariatric-sleeve.jpg 800w\" sizes=\"auto, (max-width: 600px) 100vw, 600px\" \/><\/figure>\n<\/div>\n\n\n\n<div class=\"wp-block-column is-layout-flow wp-block-column-is-layout-flow\" style=\"flex-basis:66.66%\">\n<h3 class=\"wp-block-heading\">Sleeve gastrectomie<\/h3>\n\n\n\n<p>L&rsquo;op\u00e9ration alternative qui provoque une sati\u00e9t\u00e9 rapide et une r\u00e9duction de la sensation de faim gr\u00e2ce \u00e0 des effets hormonaux.<\/p>\n\n\n\n<p>Ici, une partie de l&rsquo;estomac est retir\u00e9e et un tube est form\u00e9.<\/p>\n<\/div>\n<\/div>\n\n\n\t<\/div>\n<\/div>\n\n\n<div class=\"wp-block-columns is-layout-flex wp-container-core-columns-is-layout-9d6595d7 wp-block-columns-is-layout-flex\">\n<div class=\"wp-block-column is-layout-flow wp-block-column-is-layout-flow\">\n<h2 class=\"wp-block-heading\">Quelles op\u00e9rations sont disponibles apr\u00e8s une proc\u00e9dure primaire ?<\/h2>\n\n\n\n<p>Conversion de sleeve en bypass : Apr\u00e8s une chirurgie de sleeve gastrique, une conversion en bypass gastrique peut \u00eatre n\u00e9cessaire en cas de perte de poids insuffisante, de reprise de poids secondaire ou de sympt\u00f4mes de reflux.<\/p>\n\n\n\n<p>R\u00e9vision du pouch : Si la sensation de sati\u00e9t\u00e9 n&rsquo;est plus suffisante et qu&rsquo;il y a une reprise de poids, une r\u00e9duction de la taille de la poche gastrique ou l&rsquo;insertion d&rsquo;un anneau fob peuvent parfois aider. Cela augmente \u00e0 nouveau la restriction et r\u00e9duit la prise alimentaire.<\/p>\n\n\n\n<p>Endochirurgie Apollo : Le m\u00eame principe que la r\u00e9vision du pouch. L&rsquo;avantage ici est la technique chirurgicale endoscopique, qui est tr\u00e8s douce. Voir la section distincte sur notre site web.<\/p>\n\n\n\n<p>Distalisation du bypass gastrique : Ici, le bypass est prolong\u00e9, c&rsquo;est-\u00e0-dire la partie de l&rsquo;intestin gr\u00eale qui est sans nourriture. Cela peut entra\u00eener une nouvelle perte de poids. Cependant, des effets secondaires tels que des sympt\u00f4mes de carence et des diarrh\u00e9es sont assez fr\u00e9quents. L&rsquo;indication pour cette proc\u00e9dure doit donc \u00eatre pos\u00e9e avec beaucoup de prudence.<\/p>\n\n\n\n<h2 class=\"wp-block-heading\">\u00c0 quelles maladies secondaires l&rsquo;ob\u00e9sit\u00e9 conduit-elle?<\/h2>\n\n\n\n<div class=\"wp-block-columns is-layout-flex wp-container-core-columns-is-layout-9d6595d7 wp-block-columns-is-layout-flex\">\n<div class=\"wp-block-column is-layout-flow wp-block-column-is-layout-flow\">\n<p><strong>Maladies m\u00e9taboliques:<\/strong><\/p>\n\n\n\n<ul class=\"wp-block-list\">\n<li>Diab\u00e8te de type 2<\/li>\n\n\n\n<li>Niveaux \u00e9lev\u00e9s de cholest\u00e9rol et de lipides sanguins<\/li>\n<\/ul>\n\n\n\n<p><strong>Maladies cardiovasculaires:<\/strong><\/p>\n\n\n\n<ul class=\"wp-block-list\">\n<li>Hypertension art\u00e9rielle<\/li>\n\n\n\n<li>Accidents vasculaires c\u00e9r\u00e9braux (AVC)<\/li>\n\n\n\n<li>Crise cardiaque<\/li>\n\n\n\n<li>Insuffisance r\u00e9nale<\/li>\n<\/ul>\n\n\n\n<p><strong>Dysfonctionnements pulmonaires:<\/strong><\/p>\n\n\n\n<ul class=\"wp-block-list\">\n<li>Essoufflement (dyspn\u00e9e)<\/li>\n\n\n\n<li>Syndrome d&rsquo;apn\u00e9e du sommeil obstructive<\/li>\n\n\n\n<li>Ronflements<\/li>\n<\/ul>\n\n\n\n<p><strong>Maladies vasculaires:<\/strong><\/p>\n\n\n\n<ul class=\"wp-block-list\">\n<li>Essoufflement (dyspn\u00e9e)<\/li>\n\n\n\n<li>Syndrome d&rsquo;apn\u00e9e du sommeil obstructive<\/li>\n\n\n\n<li>Varices<\/li>\n<\/ul>\n<\/div>\n\n\n\n<div class=\"wp-block-column is-layout-flow wp-block-column-is-layout-flow\">\n<p><strong>Maladies gastro-intestinales:<\/strong><\/p>\n\n\n\n<ul class=\"wp-block-list\">\n<li>Reflux acide (maladie du reflux)<\/li>\n\n\n\n<li>Foie gras, inflammation du foie<\/li>\n\n\n\n<li>Calculs biliaires<\/li>\n<\/ul>\n\n\n\n<p><strong>Maladies mentales:<\/strong><\/p>\n\n\n\n<ul class=\"wp-block-list\">\n<li>Manque d&rsquo;estime de soi<\/li>\n\n\n\n<li>Troubles anxieux<\/li>\n\n\n\n<li>D\u00e9pression<\/li>\n\n\n\n<li>Addictions<\/li>\n<\/ul>\n\n\n\n<p><strong>Reproduction:<\/strong><\/p>\n\n\n\n<ul class=\"wp-block-list\">\n<li>Dysfonction \u00e9rectile<\/li>\n\n\n\n<li>Syndrome des ovaires polykystiques (SOPK)<\/li>\n\n\n\n<li>Infertilit\u00e9<\/li>\n<\/ul>\n\n\n\n<p><strong>Maladies orthop\u00e9diques :<\/strong><\/p>\n\n\n\n<ul class=\"wp-block-list\">\n<li>Probl\u00e8mes articulaires (colonne vert\u00e9brale, hanches, genoux, pieds)<\/li>\n<\/ul>\n\n\n\n<p><strong>Cancers:<\/strong><\/p>\n\n\n\n<ul class=\"wp-block-list\">\n<li>Sein, ut\u00e9rus, prostate, c\u00f4lon, voies biliaires, lymphomes<\/li>\n<\/ul>\n<\/div>\n<\/div>\n<\/div>\n<\/div>\n\n\n\n<div class=\"wp-block-columns is-layout-flex wp-container-core-columns-is-layout-9d6595d7 wp-block-columns-is-layout-flex\">\n<div class=\"wp-block-column is-layout-flow wp-block-column-is-layout-flow\">\n<h2 class=\"wp-block-heading\">How are overweight and obesity defined?<\/h2>\n\n\n\n<p>The definition is based on the body mass index (BMI) as a measure of body fat mass:<\/p>\n\n\n\n<ul class=\"wp-block-list\">\n<li>Overweight: BMI 25 &#8211; 29.9 kg\/m2<\/li>\n\n\n\n<li>Obesity Grade 1: 30 &#8211; 34.9 kg\/m2<\/li>\n\n\n\n<li>Obesity Grad 2: 35 \u2013 39.9 kg\/m2<\/li>\n\n\n\n<li>Obesity Grad 3: &gt; 40 kg\/m2<\/li>\n<\/ul>\n\n\n\n<h2 class=\"wp-block-heading\">Who is eligible for bariatric surgery?<\/h2>\n\n\n\n<p>In principle, surgery is an option for patients who cannot achieve sufficient weight loss with the help of conservative measures (diet, exercise, medication). They must also have a BMI &gt; 35 kg\/m2. If secondary diseases such as diabetes mellitus are present, surgery can also be performed from a BMI &gt; 30 kg\/m2.<\/p>\n\n\n\n<h2 class=\"wp-block-heading\">How is bariatric surgery planned?<\/h2>\n\n\n\n<p>Preoperative consultations and preliminary examinations are usually carried out at the Center for Bariatric Surgery.<\/p>\n\n\n\n<h2 class=\"wp-block-heading\">Is the operation covered by health insurance?<\/h2>\n\n\n\n<p>Health insurance companies will cover the costs of obesity surgery if the following criteria are met:<\/p>\n\n\n\n<ul class=\"wp-block-list\">\n<li>Body mass index (BMI) &gt; 35 kg\/m2 (with diabetes mellitus ev &gt; 30kg\/m2)<\/li>\n\n\n\n<li>You have tried (cumulatively) conservative therapies (diet, exercise, nutritional counseling, drug therapy, etc.) for at least 24 months<\/li>\n\n\n\n<li>Between the first contact with a doctor specializing in obesity and the operation, you must be given 3 months to think about it<\/li>\n<\/ul>\n\n\n\n<h2 class=\"wp-block-heading\">What diagnostics are necessary?<\/h2>\n\n\n\n<p>Bariatric surgery is always preceded by<\/p>\n\n\n\n<ul class=\"wp-block-list\">\n<li>Gastroscopy (gastroscopy)<\/li>\n\n\n\n<li>Ultrasound of the upper abdomen<\/li>\n\n\n\n<li>Nutritional advice<\/li>\n\n\n\n<li>Psychological report<\/li>\n\n\n\n<li>Laboratory tests<\/li>\n\n\n\n<li>EKG<\/li>\n<\/ul>\n\n\n\n<p>Sometimes:<\/p>\n\n\n\n<ul class=\"wp-block-list\">\n<li>Weitere kardiologische Abkl\u00e4rung<\/li>\n\n\n\n<li>Pneumologische Abkl\u00e4rung<\/li>\n\n\n\n<li>evtl. andere Untersuchungen<\/li>\n<\/ul>\n\n\n\n<h2 class=\"wp-block-heading\">How do you prepare for the operation?<\/h2>\n\n\n\n<p>Nutritional counseling will teach you in advance how you will eat after the operation.<\/p>\n\n\n\n<p>An information event, the \u00ab\u00a0Bariatric Curriculum\u00a0\u00bb, takes place in the week before your operation. Here you will get to know the hospital, the nursing staff, the nutritionist and physiotherapist and go to the anesthesia consultation.<\/p>\n\n\n\n<h2 class=\"wp-block-heading\">How is the operation performed?<\/h2>\n\n\n\n<p>All bariatric operations are performed using a minimally invasive technique (laparoscopy, keyhole technique), which means that only small incisions are necessary. This reduces the recovery time and the risk of complications.<\/p>\n\n\n\n<p>The operation takes 60-90 minutes.<\/p>\n\n\n\n<p>In most cases, you will be able to go home after 3 to 4 days.<\/p>\n\n\n\n<h2 class=\"wp-block-heading\">What happens after bariatric surgery?<\/h2>\n\n\n\n<p>After the operation, it is important to adapt to your new life. Your metabolism will change and you will need time to find your new rhythm.<\/p>\n\n\n\n<p>The change in diet is demanding and is accompanied by our nutritional therapists.<\/p>\n\n\n\n<p>Postoperative life-long follow-up checks are usually carried out at the Center for Bariatric Surgery in Bern.<\/p>\n<\/div>\n<\/div>\n\n\n\n<p><\/p>\n\n\n\n<div class=\"block-post-kat\">\n\t<div class=\"uk-child-width-1-3@m uk-grid-match\" uk-grid >\n\t\t\t<div class=\"post-card\">\n\t\t\t<div class=\"uk-card uk-card-default\">\n\t\t\t\t\t\t<div class=\"uk-card-media-top bild\" style=\"background-image:url(https:\/\/www.swiss1chirurgie.ch\/wp-content\/uploads\/2023\/02\/4a4e30918e8a132e566fb63eeb3dc4d6.jpeg);\">\n\t\t\t\t<a href=\"https:\/\/www.swiss1chirurgie.ch\/fr\/obesite-et-sport\/\"><\/a>\n\t\t\t<\/div>\n\t\t\t\t\t\t\t<div class=\"uk-card-body uk-padding-small\">\n\t\t\t\t\t<h3><a href=\"https:\/\/www.swiss1chirurgie.ch\/fr\/obesite-et-sport\/\">Ob\u00e9sit\u00e9 et sport<\/a><\/h3>\n\t\t\t\t\t<div class=\"short-info\">\n\t\t\t\t\t\tOb\u00e9sit\u00e9 pathologique ? L&rsquo;ob\u00e9sit\u00e9 ? On peut encore faire du sport ici ? Qu&rsquo;en est-il apr\u00e8s une op\u00e9ration de l&rsquo;ob\u00e9sit\u00e9\u2026\t\t\t\t\t<\/div>\n\t\t\t\t\t<div class=\"button-wrap\">\n\t\t\t\t\t\t<a href=\"https:\/\/www.swiss1chirurgie.ch\/fr\/obesite-et-sport\/\">lire la suite <span uk-icon=\"chevron-right\"><\/span><\/a>\n\t\t\t\t\t<\/div>\n\t\t\t\t<\/div>\n\t\t\t<\/div>\n\t\t<\/div>\n\t\t\n\t\n\t\t\t\t<div class=\"post-card\">\n\t\t\t<div class=\"uk-card uk-card-default\">\n\t\t\t\t\t\t<div class=\"uk-card-media-top bild\" style=\"background-image:url(https:\/\/www.swiss1chirurgie.ch\/wp-content\/uploads\/2022\/03\/Screenshot-2024-08-07-at-16.44.34.png);\">\n\t\t\t\t<a href=\"https:\/\/www.swiss1chirurgie.ch\/fr\/journee-mondiale-de-lobesite-2022-tout-le-monde-doit-agir\/\"><\/a>\n\t\t\t<\/div>\n\t\t\t\t\t\t\t<div class=\"uk-card-body uk-padding-small\">\n\t\t\t\t\t<h3><a href=\"https:\/\/www.swiss1chirurgie.ch\/fr\/journee-mondiale-de-lobesite-2022-tout-le-monde-doit-agir\/\">Journ\u00e9e mondiale de l&rsquo;ob\u00e9sit\u00e9 2022 &#8211; Tout le monde doit agir<\/a><\/h3>\n\t\t\t\t\t<div class=\"short-info\">\n\t\t\t\t\t\tSous le slogan \u00ab\u00a0Everybody needs to act\u00a0\u00bb, la Journ\u00e9e mondiale de l&rsquo;ob\u00e9sit\u00e9, le 04 mars 2022, marquera le d\u00e9but d&rsquo;une\u2026\t\t\t\t\t<\/div>\n\t\t\t\t\t<div class=\"button-wrap\">\n\t\t\t\t\t\t<a href=\"https:\/\/www.swiss1chirurgie.ch\/fr\/journee-mondiale-de-lobesite-2022-tout-le-monde-doit-agir\/\">lire la suite <span uk-icon=\"chevron-right\"><\/span><\/a>\n\t\t\t\t\t<\/div>\n\t\t\t\t<\/div>\n\t\t\t<\/div>\n\t\t<\/div>\n\t\t\n\t\n\t\t\t\t<div class=\"post-card\">\n\t\t\t<div class=\"uk-card uk-card-default\">\n\t\t\t\t\t\t<div class=\"uk-card-media-top bild\" style=\"background-image:url(https:\/\/www.swiss1chirurgie.ch\/wp-content\/uploads\/2022\/02\/IMG_0832.jpg);\">\n\t\t\t\t<a href=\"https:\/\/www.swiss1chirurgie.ch\/fr\/thoune-est-un-autre-site-de-swiss1chirurgie\/\"><\/a>\n\t\t\t<\/div>\n\t\t\t\t\t\t\t<div class=\"uk-card-body uk-padding-small\">\n\t\t\t\t\t<h3><a href=\"https:\/\/www.swiss1chirurgie.ch\/fr\/thoune-est-un-autre-site-de-swiss1chirurgie\/\">Thun, nouveau site de Swiss1Chirurgie<\/a><\/h3>\n\t\t\t\t\t<div class=\"short-info\">\n\t\t\t\t\t\tAvec le cabinet du Dr Markus Naef \u00e0 Thoune, Swiss1Chirurgie \u00e9largit encore son offre de prestations et assure la prise\u2026\t\t\t\t\t<\/div>\n\t\t\t\t\t<div class=\"button-wrap\">\n\t\t\t\t\t\t<a href=\"https:\/\/www.swiss1chirurgie.ch\/fr\/thoune-est-un-autre-site-de-swiss1chirurgie\/\">lire la suite <span uk-icon=\"chevron-right\"><\/span><\/a>\n\t\t\t\t\t<\/div>\n\t\t\t\t<\/div>\n\t\t\t<\/div>\n\t\t<\/div>\n\t\t\n\t\n\t\t\t<\/div>\n\t<div class=\"more-posts-wrap\">\n\t\t<a href=\"https:\/\/www.swiss1chirurgie.ch\/fr\/news\/\" class=\"uk-button\">plus de messages<\/a>\n\t<\/div>\t\n<\/div>\n\n","protected":false},"excerpt":{"rendered":"Swiss1Chirurgie repr\u00e9sente de nombreuses ann\u00e9es d&rsquo;exp\u00e9rience dans le domaine de la chirurgie de l&rsquo;ob\u00e9sit\u00e9 (chirurgie bariatrique). Notre \u00e9quipe interdisciplinaire vous offre une prise en charge compl\u00e8te pour le traitement conservateur et chirurgical de l&rsquo;ob\u00e9sit\u00e9. Nous sommes l&rsquo;un des plus grands centres de chirurgie bariatrique en Suisse. L&rsquo;ob\u00e9sit\u00e9 (ob\u00e9sit\u00e9 morbide) est une maladie chronique qui a doubl\u00e9 en Suisse au cours des 30 derni\u00e8res ann\u00e9es. Il est d\u00e9sormais reconnu que cette maladie est caus\u00e9e par des facteurs g\u00e9n\u00e9tiques, \u00e9pig\u00e9n\u00e9tiques et acquis. [&hellip;]","protected":false},"author":3,"featured_media":30062,"parent":31012,"menu_order":8,"comment_status":"closed","ping_status":"closed","template":"template-full-width.php","meta":{"_acf_changed":false,"footnotes":""},"class_list":["post-31060","page","type-page","status-publish","has-post-thumbnail","hentry"],"acf":[],"_links":{"self":[{"href":"https:\/\/www.swiss1chirurgie.ch\/fr\/wp-json\/wp\/v2\/pages\/31060","targetHints":{"allow":["GET"]}}],"collection":[{"href":"https:\/\/www.swiss1chirurgie.ch\/fr\/wp-json\/wp\/v2\/pages"}],"about":[{"href":"https:\/\/www.swiss1chirurgie.ch\/fr\/wp-json\/wp\/v2\/types\/page"}],"author":[{"embeddable":true,"href":"https:\/\/www.swiss1chirurgie.ch\/fr\/wp-json\/wp\/v2\/users\/3"}],"replies":[{"embeddable":true,"href":"https:\/\/www.swiss1chirurgie.ch\/fr\/wp-json\/wp\/v2\/comments?post=31060"}],"version-history":[{"count":4,"href":"https:\/\/www.swiss1chirurgie.ch\/fr\/wp-json\/wp\/v2\/pages\/31060\/revisions"}],"predecessor-version":[{"id":31150,"href":"https:\/\/www.swiss1chirurgie.ch\/fr\/wp-json\/wp\/v2\/pages\/31060\/revisions\/31150"}],"up":[{"embeddable":true,"href":"https:\/\/www.swiss1chirurgie.ch\/fr\/wp-json\/wp\/v2\/pages\/31012"}],"wp:featuredmedia":[{"embeddable":true,"href":"https:\/\/www.swiss1chirurgie.ch\/fr\/wp-json\/wp\/v2\/media\/30062"}],"wp:attachment":[{"href":"https:\/\/www.swiss1chirurgie.ch\/fr\/wp-json\/wp\/v2\/media?parent=31060"}],"curies":[{"name":"wp","href":"https:\/\/api.w.org\/{rel}","templated":true}]}}