{"id":31055,"date":"2024-04-18T14:51:02","date_gmt":"2024-04-18T12:51:02","guid":{"rendered":"https:\/\/next.swiss1chirurgie.ch\/?page_id=31055"},"modified":"2024-08-27T17:57:17","modified_gmt":"2024-08-27T15:57:17","slug":"apollo-endosurgery","status":"publish","type":"page","link":"https:\/\/www.swiss1chirurgie.ch\/fr\/specialites\/apollo-endosurgery\/","title":{"rendered":"Apollo Endosurgery"},"content":{"rendered":"<h1 class=\"wp-block-post-title\">Apollo Endosurgery<\/h1>\n\n\n<div class=\"wp-block-columns is-layout-flex wp-container-core-columns-is-layout-9d6595d7 wp-block-columns-is-layout-flex\">\n<div class=\"wp-block-column is-layout-flow wp-block-column-is-layout-flow\" style=\"flex-basis:33.33%\">\n<p class=\"has-rot-color has-text-color has-link-color wp-elements-e7b8d668344e3da6a1bb0533672af7e1\">Avec Apollo Endosurgery, nous disposons d&rsquo;une m\u00e9thode pour renforcer l&rsquo;effet d\u00e9croissant de la chirurgie de bypass gastrique. Cela peut interrompre une reprise de poids progressive et faciliter \u00e0 nouveau la perte de poids. De nombreux patients sont tr\u00e8s satisfaits de cette aide.<\/p>\n\n\n\n<figure class=\"wp-block-image aligncenter size-full is-resized\"><img decoding=\"async\" src=\"https:\/\/www.swiss1chirurgie.ch\/wp-content\/uploads\/2024\/07\/apollo-dark.svg\" alt=\"\" class=\"wp-image-29862\" style=\"width:120px\"\/><\/figure>\n<\/div>\n\n\n\n<div class=\"wp-block-column is-layout-flow wp-block-column-is-layout-flow\" style=\"flex-basis:66.66%\">\n<p>Apollo OverStitch Endosurgery est une proc\u00e9dure minimalement invasive utilis\u00e9e pour traiter la reprise de poids et\/ou les sympt\u00f4mes de duplication apr\u00e8s une chirurgie de bypass gastrique. Elle offre une alternative efficace \u00e0 la r\u00e9vision chirurgicale traditionnelle.<\/p>\n<\/div>\n<\/div>\n\n\n\n<div id=\"\" class=\"block-inner\">\n\t<div class=\"uk-container  stoerer top\">\n\t\t\n\n<h2 class=\"wp-block-heading\">Comment fonctionne Apollo Endosurgery?<\/h2>\n\n\n\n<div class=\"wp-block-columns stack-reverse is-layout-flex wp-container-core-columns-is-layout-9d6595d7 wp-block-columns-is-layout-flex\">\n<div class=\"wp-block-column is-layout-flow wp-block-column-is-layout-flow\" style=\"flex-basis:33.33%\">\n<figure class=\"wp-block-image size-full\"><img loading=\"lazy\" decoding=\"async\" width=\"499\" height=\"318\" src=\"https:\/\/www.swiss1chirurgie.ch\/wp-content\/uploads\/2024\/08\/apollo-endoscopy.webp\" alt=\"\" class=\"wp-image-30593\"\/><\/figure>\n<\/div>\n\n\n\n<div class=\"wp-block-column is-layout-flow wp-block-column-is-layout-flow\" style=\"flex-basis:66.66%\">\n<p>La proc\u00e9dure Apollo Endosurgery est r\u00e9alis\u00e9e par voie endoscopique, c&rsquo;est-\u00e0-dire par la bouche, comme une gastroscopie. L&rsquo;intervention est g\u00e9n\u00e9ralement effectu\u00e9e sous anesth\u00e9sie g\u00e9n\u00e9rale. Un endoscope flexible, \u00e9quip\u00e9 d&rsquo;un dispositif de suture sp\u00e9cial, est ins\u00e9r\u00e9 dans l&rsquo;estomac par la bouche. Des sutures sont ensuite plac\u00e9es dans la poche gastrique pour r\u00e9duire la taille de l&rsquo;anastomose. Gr\u00e2ce \u00e0 ce processus, les patients ressentent une sensation de sati\u00e9t\u00e9 plus rapidement et mangent globalement moins. Cela emp\u00eache \u00e9galement la nourriture de passer trop rapidement dans l&rsquo;intestin gr\u00eale, ce qui permet de traiter les sympt\u00f4mes de dumping.<\/p>\n<\/div>\n<\/div>\n\n\n\t<\/div>\n<\/div>\n\n\n<div class=\"wp-block-columns is-layout-flex wp-container-core-columns-is-layout-9d6595d7 wp-block-columns-is-layout-flex\">\n<div class=\"wp-block-column is-layout-flow wp-block-column-is-layout-flow\">\n<h2 class=\"wp-block-heading\">Quand l&rsquo;Apollo Endosurgery est-elle pertinente ?<\/h2>\n\n\n\n<p>Les principales indications pour la proc\u00e9dure Apollo Endosurgery sont le manque de sati\u00e9t\u00e9, la reprise de poids secondaire et les sympt\u00f4mes de dumping apr\u00e8s une chirurgie de bypass gastrique. L&rsquo;indication est g\u00e9n\u00e9ralement pos\u00e9e apr\u00e8s une gastroscopie, qui r\u00e9v\u00e8le si la connexion entre la poche gastrique et l&rsquo;intestin gr\u00eale (anastomose gastro-j\u00e9junale) est \u00e9largie, indiquant ainsi une restriction d\u00e9fectueuse.<\/p>\n\n\n\n<h2 class=\"wp-block-heading\">L&rsquo;Apollo Endosurgery est-elle souvent pratiqu\u00e9e ?<\/h2>\n\n\n\n<p>Oui, avec le Dr J\u00f6rg Zehetner chez Swiss1Chirurgie, nous avons l&rsquo;un des rares chirurgiens en Suisse qui propose cette m\u00e9thode. Il a trait\u00e9 plusieurs centaines de patients \u00e0 la clinique Beau-Site depuis 2016 et a acquis une grande exp\u00e9rience. Il a souvent r\u00e9ussi \u00e0 restaurer la perte de poids et \u00e0 traiter les sympt\u00f4mes de dumping apr\u00e8s une chirurgie de bypass gastrique.<\/p>\n\n\n\n<h2 class=\"wp-block-heading\">Quels sont les risques ?<\/h2>\n\n\n\n<p>Comme pour toute proc\u00e9dure m\u00e9dicale, il existe des risques potentiels et des complications avec la proc\u00e9dure Apollo Endosurgery. Les risques les plus courants incluent les saignements, les infections et les perforations gastriques (percements dans la paroi de l&rsquo;estomac). Moins fr\u00e9quemment, des complications telles que des cicatrices et des r\u00e9tr\u00e9cissements (st\u00e9noses) peuvent \u00e9galement survenir.<\/p>\n\n\n\n<p>Si les sutures se d\u00e9chirent, une nouvelle intervention est n\u00e9cessaire. Cela est n\u00e9cessaire chez certains patients apr\u00e8s seulement quelques mois.<\/p>\n\n\n\n<p>Les 100 premiers patients trait\u00e9s avec l&rsquo;Apollo Overstitch ont \u00e9t\u00e9 suivis dans le cadre d&rsquo;une \u00e9tude, dont les r\u00e9sultats ont \u00e9t\u00e9 publi\u00e9s. Vous pouvez trouver l&rsquo;\u00e9tude <a href=\"https:\/\/pubmed.ncbi.nlm.nih.gov\/30215199\/\" target=\"_blank\" rel=\"noreferrer noopener nofollow\">ici<\/a>.<\/p>\n\n\n\n<h2 class=\"wp-block-heading\">Que se passe-t-il apr\u00e8s la proc\u00e9dure ?<\/h2>\n\n\n\n<p>Il est important que les patients suivent un r\u00e9gime liquide ou en pur\u00e9e pendant 4 semaines apr\u00e8s l&rsquo;intervention pour \u00e9viter que le mat\u00e9riel de suture ne se d\u00e9chire. Un bon soutien de nos nutritionnistes est \u00e9galement tr\u00e8s important.<\/p>\n\n\n\n<p>Les contr\u00f4les de suivi sont g\u00e9n\u00e9ralement effectu\u00e9s au Centre de Chirurgie Bariatrique.<\/p>\n<\/div>\n<\/div>\n\n\n\n<p><\/p>\n\n\n\n<div class=\"block-post-kat\">\n\t<div class=\"uk-child-width-1-3@m uk-grid-match\" uk-grid >\n\t\t\t<div class=\"post-card\">\n\t\t\t<div class=\"uk-card uk-card-default\">\n\t\t\t\t\t\t<div class=\"uk-card-media-top bild\" style=\"background-image:url(https:\/\/www.swiss1chirurgie.ch\/wp-content\/uploads\/2022\/03\/Screenshot-2024-08-07-at-16.44.34.png);\">\n\t\t\t\t<a href=\"https:\/\/www.swiss1chirurgie.ch\/fr\/journee-mondiale-de-lobesite-2022-tout-le-monde-doit-agir\/\"><\/a>\n\t\t\t<\/div>\n\t\t\t\t\t\t\t<div class=\"uk-card-body uk-padding-small\">\n\t\t\t\t\t<h3><a href=\"https:\/\/www.swiss1chirurgie.ch\/fr\/journee-mondiale-de-lobesite-2022-tout-le-monde-doit-agir\/\">Journ\u00e9e mondiale de l&rsquo;ob\u00e9sit\u00e9 2022 &#8211; Tout le monde doit agir<\/a><\/h3>\n\t\t\t\t\t<div class=\"short-info\">\n\t\t\t\t\t\tSous le slogan \u00ab\u00a0Everybody needs to act\u00a0\u00bb, la Journ\u00e9e mondiale de l&rsquo;ob\u00e9sit\u00e9, le 04 mars 2022, marquera le d\u00e9but d&rsquo;une\u2026\t\t\t\t\t<\/div>\n\t\t\t\t\t<div class=\"button-wrap\">\n\t\t\t\t\t\t<a href=\"https:\/\/www.swiss1chirurgie.ch\/fr\/journee-mondiale-de-lobesite-2022-tout-le-monde-doit-agir\/\">lire la suite <span uk-icon=\"chevron-right\"><\/span><\/a>\n\t\t\t\t\t<\/div>\n\t\t\t\t<\/div>\n\t\t\t<\/div>\n\t\t<\/div>\n\t\t\n\t\n\t\t\t<\/div>\n\t<div class=\"more-posts-wrap\">\n\t\t<a href=\"https:\/\/www.swiss1chirurgie.ch\/fr\/news\/\" class=\"uk-button\">plus de messages<\/a>\n\t<\/div>\t\n<\/div>\n\n","protected":false},"excerpt":{"rendered":"Avec Apollo Endosurgery, nous disposons d&rsquo;une m\u00e9thode pour renforcer l&rsquo;effet d\u00e9croissant de la chirurgie de bypass gastrique. Cela peut interrompre une reprise de poids progressive et faciliter \u00e0 nouveau la perte de poids. De nombreux patients sont tr\u00e8s satisfaits de cette aide. Apollo OverStitch Endosurgery est une proc\u00e9dure minimalement invasive utilis\u00e9e pour traiter la reprise de poids et\/ou les sympt\u00f4mes de duplication apr\u00e8s une chirurgie de bypass gastrique. Elle offre une alternative efficace \u00e0 la r\u00e9vision chirurgicale traditionnelle. Quand l&rsquo;Apollo [&hellip;]","protected":false},"author":3,"featured_media":30114,"parent":31012,"menu_order":7,"comment_status":"closed","ping_status":"closed","template":"template-full-width.php","meta":{"_acf_changed":false,"footnotes":""},"class_list":["post-31055","page","type-page","status-publish","has-post-thumbnail","hentry"],"acf":[],"_links":{"self":[{"href":"https:\/\/www.swiss1chirurgie.ch\/fr\/wp-json\/wp\/v2\/pages\/31055","targetHints":{"allow":["GET"]}}],"collection":[{"href":"https:\/\/www.swiss1chirurgie.ch\/fr\/wp-json\/wp\/v2\/pages"}],"about":[{"href":"https:\/\/www.swiss1chirurgie.ch\/fr\/wp-json\/wp\/v2\/types\/page"}],"author":[{"embeddable":true,"href":"https:\/\/www.swiss1chirurgie.ch\/fr\/wp-json\/wp\/v2\/users\/3"}],"replies":[{"embeddable":true,"href":"https:\/\/www.swiss1chirurgie.ch\/fr\/wp-json\/wp\/v2\/comments?post=31055"}],"version-history":[{"count":4,"href":"https:\/\/www.swiss1chirurgie.ch\/fr\/wp-json\/wp\/v2\/pages\/31055\/revisions"}],"predecessor-version":[{"id":31162,"href":"https:\/\/www.swiss1chirurgie.ch\/fr\/wp-json\/wp\/v2\/pages\/31055\/revisions\/31162"}],"up":[{"embeddable":true,"href":"https:\/\/www.swiss1chirurgie.ch\/fr\/wp-json\/wp\/v2\/pages\/31012"}],"wp:featuredmedia":[{"embeddable":true,"href":"https:\/\/www.swiss1chirurgie.ch\/fr\/wp-json\/wp\/v2\/media\/30114"}],"wp:attachment":[{"href":"https:\/\/www.swiss1chirurgie.ch\/fr\/wp-json\/wp\/v2\/media?parent=31055"}],"curies":[{"name":"wp","href":"https:\/\/api.w.org\/{rel}","templated":true}]}}