{"id":31053,"date":"2024-04-18T14:51:02","date_gmt":"2024-04-18T12:51:02","guid":{"rendered":"https:\/\/next.swiss1chirurgie.ch\/?page_id=31053"},"modified":"2024-08-27T13:07:43","modified_gmt":"2024-08-27T11:07:43","slug":"intestin-chirurgie-colorectale","status":"publish","type":"page","link":"https:\/\/www.swiss1chirurgie.ch\/fr\/specialites\/intestin-chirurgie-colorectale\/","title":{"rendered":"Intestin: chirurgie colorectale"},"content":{"rendered":"\n<h1 class=\"wp-block-heading\">Intestin: chirurgie colorectale<\/h1>\n\n\n\n<div class=\"wp-block-columns is-layout-flex wp-container-core-columns-is-layout-9d6595d7 wp-block-columns-is-layout-flex\">\n<div class=\"wp-block-column is-layout-flow wp-block-column-is-layout-flow\" style=\"flex-basis:33.33%\">\n<p class=\"has-rot-color has-text-color has-link-color wp-elements-434ad0e36fff463207c686dfca3a0539\">Un intestin sain est \u00e0 la base de notre bien-\u00eatre. L&rsquo;intestin compte plus de cellules nerveuses que la moelle \u00e9pini\u00e8re et est consid\u00e9r\u00e9 comme le deuxi\u00e8me cerveau de l&rsquo;\u00eatre humain.<\/p>\n\n\n\n<figure class=\"wp-block-image aligncenter size-full is-resized\"><img decoding=\"async\" src=\"https:\/\/www.swiss1chirurgie.ch\/wp-content\/uploads\/2024\/07\/darm-dark.svg\" alt=\"\" class=\"wp-image-29865\" style=\"width:120px\"\/><\/figure>\n<\/div>\n\n\n\n<div class=\"wp-block-column is-layout-flow wp-block-column-is-layout-flow\" style=\"flex-basis:66.66%\">\n<p>En chirurgie colorectale, nous traitons les maladies de l&rsquo;intestin gr\u00eale, du gros intestin et du rectum. Malheureusement, ces maladies sont assez fr\u00e9quentes et peuvent rapidement devenir dangereuses. Des inflammations, des tumeurs ou des troubles fonctionnels peuvent survenir. Les maladies sont souvent tr\u00e8s stressantes. L&rsquo;\u00e9quipe de Swiss1Chirurgie dispose d&rsquo;une longue exp\u00e9rience et d&rsquo;un haut niveau de comp\u00e9tence dans ce domaine passionnant. Nous proposons toutes les proc\u00e9dures, y compris des op\u00e9rations hautement sp\u00e9cialis\u00e9es qui ne sont pratiqu\u00e9es que dans quelques cliniques en Suisse.<\/p>\n<\/div>\n<\/div>\n\n\n\n<div id=\"\" class=\"block-inner\">\n\t<div class=\"uk-container  stoerer top\">\n\t\t\n\n<h2 class=\"wp-block-heading\"><strong>Quelles sont les maladies intestinales les plus courantes?<\/strong><\/h2>\n\n\n\n<div class=\"wp-block-columns stack-reverse is-layout-flex wp-container-core-columns-is-layout-9d6595d7 wp-block-columns-is-layout-flex\">\n<div class=\"wp-block-column is-layout-flow wp-block-column-is-layout-flow\" style=\"flex-basis:33.33%\">\n<figure class=\"wp-block-image size-full\"><img loading=\"lazy\" decoding=\"async\" width=\"2318\" height=\"2080\" src=\"https:\/\/www.swiss1chirurgie.ch\/wp-content\/uploads\/2024\/08\/divertikulitis-1.jpg\" alt=\"\" class=\"wp-image-30466\" srcset=\"https:\/\/www.swiss1chirurgie.ch\/wp-content\/uploads\/2024\/08\/divertikulitis-1.jpg 2318w, https:\/\/www.swiss1chirurgie.ch\/wp-content\/uploads\/2024\/08\/divertikulitis-1-600x538.jpg 600w, https:\/\/www.swiss1chirurgie.ch\/wp-content\/uploads\/2024\/08\/divertikulitis-1-669x600.jpg 669w, https:\/\/www.swiss1chirurgie.ch\/wp-content\/uploads\/2024\/08\/divertikulitis-1-768x689.jpg 768w, https:\/\/www.swiss1chirurgie.ch\/wp-content\/uploads\/2024\/08\/divertikulitis-1-1536x1378.jpg 1536w, https:\/\/www.swiss1chirurgie.ch\/wp-content\/uploads\/2024\/08\/divertikulitis-1-2048x1838.jpg 2048w\" sizes=\"auto, (max-width: 2318px) 100vw, 2318px\" \/><\/figure>\n<\/div>\n\n\n\n<div class=\"wp-block-column is-layout-flow wp-block-column-is-layout-flow\" style=\"flex-basis:66.66%\">\n<h3 class=\"wp-block-heading\"><strong>Diverticulite<\/strong><\/h3>\n\n\n\n<p>Diverticula are protrusions of the intestinal wall and are usually located in the lower part of the colon, in the sigmoid colon. Diverticula are very common with increasing age, but they also occur in younger patients. Diverticula are usually asymptomatic and do not need to be treated. However, they can become inflamed, in which case they are referred to as diverticulitis.<\/p>\n\n\n\n<p>Diverticulitis often heals without treatment or with a few days of antibiotics. Sometimes, however, a complicated inflammation develops with an abscess or intestinal perforation. Emergency surgery is then often necessary.<\/p>\n\n\n\n<p>Even if diverticulitis occurs repeatedly, the affected section of bowel should be surgically removed after a few episodes.<\/p>\n<\/div>\n<\/div>\n\n\n\n<div class=\"wp-block-columns stack-reverse is-layout-flex wp-container-core-columns-is-layout-9d6595d7 wp-block-columns-is-layout-flex\">\n<div class=\"wp-block-column is-layout-flow wp-block-column-is-layout-flow\" style=\"flex-basis:33.33%\">\n<figure class=\"wp-block-image size-full\"><img loading=\"lazy\" decoding=\"async\" width=\"2318\" height=\"2080\" src=\"https:\/\/www.swiss1chirurgie.ch\/wp-content\/uploads\/2024\/08\/darmkrebs-1.jpg\" alt=\"\" class=\"wp-image-30473\" srcset=\"https:\/\/www.swiss1chirurgie.ch\/wp-content\/uploads\/2024\/08\/darmkrebs-1.jpg 2318w, https:\/\/www.swiss1chirurgie.ch\/wp-content\/uploads\/2024\/08\/darmkrebs-1-600x538.jpg 600w, https:\/\/www.swiss1chirurgie.ch\/wp-content\/uploads\/2024\/08\/darmkrebs-1-669x600.jpg 669w, https:\/\/www.swiss1chirurgie.ch\/wp-content\/uploads\/2024\/08\/darmkrebs-1-768x689.jpg 768w, https:\/\/www.swiss1chirurgie.ch\/wp-content\/uploads\/2024\/08\/darmkrebs-1-1536x1378.jpg 1536w, https:\/\/www.swiss1chirurgie.ch\/wp-content\/uploads\/2024\/08\/darmkrebs-1-2048x1838.jpg 2048w\" sizes=\"auto, (max-width: 2318px) 100vw, 2318px\" \/><\/figure>\n<\/div>\n\n\n\n<div class=\"wp-block-column is-layout-flow wp-block-column-is-layout-flow\" style=\"flex-basis:66.66%\">\n<h3 class=\"wp-block-heading\"><strong>Polypes et cancer de l&rsquo;intestin<\/strong><\/h3>\n\n\n\n<p>Les polypes sont des tumeurs b\u00e9nignes dans l&rsquo;intestin. S&rsquo;ils peuvent \u00eatre retir\u00e9s lors d&rsquo;une coloscopie, aucun traitement suppl\u00e9mentaire n&rsquo;est n\u00e9cessaire. Les polypes peuvent \u00e9voluer en tumeurs malignes avec le temps, n\u00e9cessitant alors une intervention chirurgicale. S&rsquo;ils sont diagnostiqu\u00e9s \u00e0 temps, les chances de gu\u00e9rison par la chirurgie sont tr\u00e8s bonnes.<\/p>\n<\/div>\n<\/div>\n\n\n\n<div class=\"wp-block-columns stack-reverse is-layout-flex wp-container-core-columns-is-layout-9d6595d7 wp-block-columns-is-layout-flex\">\n<div class=\"wp-block-column is-layout-flow wp-block-column-is-layout-flow\" style=\"flex-basis:33.33%\">\n<figure class=\"wp-block-image size-full\"><img loading=\"lazy\" decoding=\"async\" width=\"2318\" height=\"2080\" src=\"https:\/\/www.swiss1chirurgie.ch\/wp-content\/uploads\/2024\/08\/blinddarm2.jpg\" alt=\"\" class=\"wp-image-30487\" srcset=\"https:\/\/www.swiss1chirurgie.ch\/wp-content\/uploads\/2024\/08\/blinddarm2.jpg 2318w, https:\/\/www.swiss1chirurgie.ch\/wp-content\/uploads\/2024\/08\/blinddarm2-600x538.jpg 600w, https:\/\/www.swiss1chirurgie.ch\/wp-content\/uploads\/2024\/08\/blinddarm2-669x600.jpg 669w, https:\/\/www.swiss1chirurgie.ch\/wp-content\/uploads\/2024\/08\/blinddarm2-768x689.jpg 768w, https:\/\/www.swiss1chirurgie.ch\/wp-content\/uploads\/2024\/08\/blinddarm2-1536x1378.jpg 1536w, https:\/\/www.swiss1chirurgie.ch\/wp-content\/uploads\/2024\/08\/blinddarm2-2048x1838.jpg 2048w\" sizes=\"auto, (max-width: 2318px) 100vw, 2318px\" \/><\/figure>\n<\/div>\n\n\n\n<div class=\"wp-block-column is-layout-flow wp-block-column-is-layout-flow\" style=\"flex-basis:66.66%\">\n<h3 class=\"wp-block-heading\">Appendicite<\/h3>\n\n\n\n<p>L&rsquo;une des op\u00e9rations les plus courantes sur l&rsquo;intestin est l&rsquo;ablation de l&rsquo;appendice. L&rsquo;appendicite peut survenir \u00e0 tout \u00e2ge, des nourrissons aux personnes \u00e2g\u00e9es. Une douleur dans le bas de l&rsquo;abdomen \u00e0 droite est typique. Le diagnostic est \u00e9tabli par un bon examen, un contr\u00f4le en laboratoire et une \u00e9chographie de l&rsquo;abdomen. L&rsquo;op\u00e9ration doit alors avoir lieu le plus rapidement possible pour \u00e9viter que l&rsquo;appendice ne se rompe.<\/p>\n<\/div>\n<\/div>\n\n\n\n<div class=\"wp-block-columns is-layout-flex wp-container-core-columns-is-layout-9d6595d7 wp-block-columns-is-layout-flex\">\n<div class=\"wp-block-column is-layout-flow wp-block-column-is-layout-flow\" style=\"flex-basis:33.33%\"><\/div>\n\n\n\n<div class=\"wp-block-column is-layout-flow wp-block-column-is-layout-flow\" style=\"flex-basis:66.66%\">\n<h3 class=\"wp-block-heading\">Diarrh\u00e9e ou constipation<\/h3>\n\n\n\n<p>Ces deux sympt\u00f4mes sont tr\u00e8s courants et expriment un trouble du fonctionnement intestinal. Cela peut \u00eatre d\u00fb \u00e0 une infection caus\u00e9e par des bact\u00e9ries ou des virus. La malnutrition ou les intol\u00e9rances peuvent \u00e9galement en \u00eatre la cause. Cependant, l&rsquo;activit\u00e9 intestinale est g\u00e9n\u00e9ralement tr\u00e8s variable et diff\u00e8re d&rsquo;une personne \u00e0 l&rsquo;autre. La gamme de la digestion \u00ab\u00a0normale\u00a0\u00bb va d&rsquo;une selle par semaine \u00e0 5 selles par jour. En plus d&rsquo;un examen bact\u00e9riologique des selles, une coloscopie est souvent utile. Une intervention chirurgicale n&rsquo;est que tr\u00e8s rarement n\u00e9cessaire.<\/p>\n<\/div>\n<\/div>\n\n\n\t<\/div>\n<\/div>\n\n\n<div class=\"wp-block-columns is-layout-flex wp-container-core-columns-is-layout-9d6595d7 wp-block-columns-is-layout-flex\">\n<div class=\"wp-block-column is-layout-flow wp-block-column-is-layout-flow\">\n<h2 class=\"wp-block-heading\">Comment se d\u00e9roule une chirurgie intestinale?<\/h2>\n\n\n\n<p>Nous op\u00e9rons pratiquement toujours l&rsquo;intestin par laparoscopie, c&rsquo;est-\u00e0-dire en utilisant la technique du trou de serrure. Cette m\u00e9thode est plus douce que la chirurgie ouverte avec une grande incision.<\/p>\n\n\n\n<p>Dans le cas de maladies b\u00e9nignes, la section malade de l&rsquo;intestin est retir\u00e9e et les deux extr\u00e9mit\u00e9s sont referm\u00e9es avec une suture. Dans le cas de tumeurs malignes, les vaisseaux nourriciers et les canaux lymphatiques doivent \u00eatre retir\u00e9s en plus de la section intestinale affect\u00e9e afin d&rsquo;\u00e9liminer toutes les cellules tumorales.<\/p>\n\n\n\n<p>Pour les tumeurs situ\u00e9es loin dans le gros intestin (rectum ou anus), un anus artificiel doit parfois \u00eatre temporairement ins\u00e9r\u00e9 pendant quelques semaines pour permettre \u00e0 la suture intestinale de gu\u00e9rir correctement.<\/p>\n\n\n\n<p>Une op\u00e9ration sur l&rsquo;intestin gr\u00eale ou le gros intestin dure entre \u00bd \u00e0 3 heures, avec un s\u00e9jour \u00e0 l&rsquo;h\u00f4pital de 3 \u00e0 6 jours. Les op\u00e9rations sur le rectum prennent un peu plus de temps.<\/p>\n<\/div>\n<\/div>\n\n\n\n<div class=\"wp-block-columns is-layout-flex wp-container-core-columns-is-layout-9d6595d7 wp-block-columns-is-layout-flex\">\n<div class=\"wp-block-column is-layout-flow wp-block-column-is-layout-flow\">\n<h2 class=\"wp-block-heading\">Quels sont les sympt\u00f4mes des maladies intestinales?<\/h2>\n\n\n\n<p>En plus des douleurs abdominales, l&rsquo;inflammation s&rsquo;accompagne souvent d&rsquo;un malaise g\u00e9n\u00e9ral ainsi que de fi\u00e8vre, de diarrh\u00e9e ou de vomissements.<\/p>\n\n\n\n<p>Les tumeurs b\u00e9nignes et malignes peuvent provoquer la pr\u00e9sence de sang dans les selles, des changements dans les habitudes intestinales ou des crampes abdominales et des vomissements. Cependant, les tumeurs n&rsquo;ont souvent aucun sympt\u00f4me pendant tr\u00e8s longtemps.<\/p>\n\n\n\n<p>Les troubles fonctionnels peuvent entra\u00eener de la constipation, de la diarrh\u00e9e, des flatulences ou des difficult\u00e9s \u00e0 d\u00e9f\u00e9quer.<\/p>\n<\/div>\n<\/div>\n\n\n\n<div class=\"wp-block-columns is-layout-flex wp-container-core-columns-is-layout-9d6595d7 wp-block-columns-is-layout-flex\">\n<div class=\"wp-block-column is-layout-flow wp-block-column-is-layout-flow\">\n<h2 class=\"wp-block-heading\">Quelles sont les options de diagnostic disponibles ?<\/h2>\n\n\n\n<p>L&rsquo;essentiel est une consultation m\u00e9dicale d\u00e9taill\u00e9e et un examen de l&rsquo;abdomen, ainsi qu&rsquo;un test sanguin en laboratoire. Une coloscopie est souvent n\u00e9cessaire pour d\u00e9tecter des tumeurs ou certaines inflammations. Celle-ci est recommand\u00e9e pour toutes les personnes \u00e2g\u00e9es de 50 ans et plus, m\u00eame sans sympt\u00f4mes, afin de d\u00e9pister un cancer de l&rsquo;intestin \u00e0 un stade pr\u00e9coce.<\/p>\n\n\n\n<p>D&rsquo;autres examens de l&rsquo;intestin incluent l&rsquo;\u00e9chographie de l&rsquo;abdomen, la tomodensitom\u00e9trie (CT) ou l&rsquo;imagerie par r\u00e9sonance magn\u00e9tique (IRM). Ces examens peuvent d\u00e9tecter des inflammations, des diverticules ou des tumeurs intestinales.<\/p>\n<\/div>\n<\/div>\n\n\n\n<div class=\"block-post-kat\">\n\t<div class=\"uk-child-width-1-3@m uk-grid-match\" uk-grid >\n\t\t\t<div class=\"post-card\">\n\t\t\t<div class=\"uk-card uk-card-default\">\n\t\t\t\t\t\t\t<div class=\"uk-card-body uk-padding-small\">\n\t\t\t\t\t<h3><a href=\"https:\/\/www.swiss1chirurgie.ch\/fr\/le-depistage-du-cancer-colorectal-en-ligne-de-mire\/\">Le d\u00e9pistage du cancer colorectal en ligne de mire<\/a><\/h3>\n\t\t\t\t\t<div class=\"short-info\">\n\t\t\t\t\t\tAux \u00c9tats-Unis, la US Preventive Services Task Force a rendu publique une recommandation de d\u00e9pistage pr\u00e9coce du cancer colorectal d\u00e8s l&rsquo;\u00e2ge de 45 ans. Selon cette \u00e9tude, le risque de d\u00e9velopper une maladie grave, voire mortelle, due au cancer de\u2026\t\t\t\t\t<\/div>\n\t\t\t\t\t<div class=\"button-wrap\">\n\t\t\t\t\t\t<a href=\"https:\/\/www.swiss1chirurgie.ch\/fr\/le-depistage-du-cancer-colorectal-en-ligne-de-mire\/\">lire la suite <span uk-icon=\"chevron-right\"><\/span><\/a>\n\t\t\t\t\t<\/div>\n\t\t\t\t<\/div>\n\t\t\t<\/div>\n\t\t<\/div>\n\t\t\n\t\n\t\t\t\t<div class=\"post-card\">\n\t\t\t<div class=\"uk-card uk-card-default\">\n\t\t\t\t\t\t\t<div class=\"uk-card-body uk-padding-small\">\n\t\t\t\t\t<h3><a href=\"https:\/\/www.swiss1chirurgie.ch\/fr\/inflammation-de-lappendice\/\">Inflammation de l&rsquo;appendice<\/a><\/h3>\n\t\t\t\t\t<div class=\"short-info\">\n\t\t\t\t\t\tPourquoi une op\u00e9ration rapide est pr\u00e9f\u00e9rable \u00e0 de simples antibiotiques C&rsquo;est \u00e0 peine croyable : au cours des deux derni\u00e8res d\u00e9cennies, des efforts consid\u00e9rables ont \u00e9t\u00e9 d\u00e9ploy\u00e9s pour prouver qu&rsquo;en cas d&rsquo;appendicite l\u00e9g\u00e8re, un traitement antibiotique est meilleur qu&rsquo;une op\u00e9ration\u2026\t\t\t\t\t<\/div>\n\t\t\t\t\t<div class=\"button-wrap\">\n\t\t\t\t\t\t<a href=\"https:\/\/www.swiss1chirurgie.ch\/fr\/inflammation-de-lappendice\/\">lire la suite <span uk-icon=\"chevron-right\"><\/span><\/a>\n\t\t\t\t\t<\/div>\n\t\t\t\t<\/div>\n\t\t\t<\/div>\n\t\t<\/div>\n\t\t\n\t\n\t\t\t\t<div class=\"post-card\">\n\t\t\t<div class=\"uk-card uk-card-default\">\n\t\t\t\t\t\t\t<div class=\"uk-card-body uk-padding-small\">\n\t\t\t\t\t<h3><a href=\"https:\/\/www.swiss1chirurgie.ch\/fr\/diverticulite\/\">Diverticulite<\/a><\/h3>\n\t\t\t\t\t<div class=\"short-info\">\n\t\t\t\t\t\tConseils sur l&rsquo;alimentation en cas de distension du c\u00f4lon et d&rsquo;inflammation du c\u00f4lon Le gros intestin fait partie du syst\u00e8me digestif et absorbe l&rsquo;eau et les \u00e9lectrolytes via la muqueuse du gros intestin. En outre, le gros intestin repousse les\u2026\t\t\t\t\t<\/div>\n\t\t\t\t\t<div class=\"button-wrap\">\n\t\t\t\t\t\t<a href=\"https:\/\/www.swiss1chirurgie.ch\/fr\/diverticulite\/\">lire la suite <span uk-icon=\"chevron-right\"><\/span><\/a>\n\t\t\t\t\t<\/div>\n\t\t\t\t<\/div>\n\t\t\t<\/div>\n\t\t<\/div>\n\t\t\n\t\n\t\t\t<\/div>\n\t<div class=\"more-posts-wrap\">\n\t\t<a href=\"https:\/\/www.swiss1chirurgie.ch\/fr\/news\/\" class=\"uk-button\">plus de messages<\/a>\n\t<\/div>\t\n<\/div>\n\n","protected":false},"excerpt":{"rendered":"Intestin: chirurgie colorectale Un intestin sain est \u00e0 la base de notre bien-\u00eatre. L&rsquo;intestin compte plus de cellules nerveuses que la moelle \u00e9pini\u00e8re et est consid\u00e9r\u00e9 comme le deuxi\u00e8me cerveau de l&rsquo;\u00eatre humain. En chirurgie colorectale, nous traitons les maladies de l&rsquo;intestin gr\u00eale, du gros intestin et du rectum. Malheureusement, ces maladies sont assez fr\u00e9quentes et peuvent rapidement devenir dangereuses. Des inflammations, des tumeurs ou des troubles fonctionnels peuvent survenir. Les maladies sont souvent tr\u00e8s stressantes. L&rsquo;\u00e9quipe de Swiss1Chirurgie dispose [&hellip;]","protected":false},"author":3,"featured_media":30702,"parent":31012,"menu_order":6,"comment_status":"closed","ping_status":"closed","template":"template-full-width.php","meta":{"_acf_changed":false,"footnotes":""},"class_list":["post-31053","page","type-page","status-publish","has-post-thumbnail","hentry"],"acf":[],"_links":{"self":[{"href":"https:\/\/www.swiss1chirurgie.ch\/fr\/wp-json\/wp\/v2\/pages\/31053","targetHints":{"allow":["GET"]}}],"collection":[{"href":"https:\/\/www.swiss1chirurgie.ch\/fr\/wp-json\/wp\/v2\/pages"}],"about":[{"href":"https:\/\/www.swiss1chirurgie.ch\/fr\/wp-json\/wp\/v2\/types\/page"}],"author":[{"embeddable":true,"href":"https:\/\/www.swiss1chirurgie.ch\/fr\/wp-json\/wp\/v2\/users\/3"}],"replies":[{"embeddable":true,"href":"https:\/\/www.swiss1chirurgie.ch\/fr\/wp-json\/wp\/v2\/comments?post=31053"}],"version-history":[{"count":5,"href":"https:\/\/www.swiss1chirurgie.ch\/fr\/wp-json\/wp\/v2\/pages\/31053\/revisions"}],"predecessor-version":[{"id":31144,"href":"https:\/\/www.swiss1chirurgie.ch\/fr\/wp-json\/wp\/v2\/pages\/31053\/revisions\/31144"}],"up":[{"embeddable":true,"href":"https:\/\/www.swiss1chirurgie.ch\/fr\/wp-json\/wp\/v2\/pages\/31012"}],"wp:featuredmedia":[{"embeddable":true,"href":"https:\/\/www.swiss1chirurgie.ch\/fr\/wp-json\/wp\/v2\/media\/30702"}],"wp:attachment":[{"href":"https:\/\/www.swiss1chirurgie.ch\/fr\/wp-json\/wp\/v2\/media?parent=31053"}],"curies":[{"name":"wp","href":"https:\/\/api.w.org\/{rel}","templated":true}]}}