{"id":31050,"date":"2024-04-18T14:51:02","date_gmt":"2024-04-18T12:51:02","guid":{"rendered":"https:\/\/next.swiss1chirurgie.ch\/?page_id=31050"},"modified":"2024-08-27T13:06:40","modified_gmt":"2024-08-27T11:06:40","slug":"foie-vesicule-biliaire-canaux-biliaires","status":"publish","type":"page","link":"https:\/\/www.swiss1chirurgie.ch\/fr\/specialites\/foie-vesicule-biliaire-canaux-biliaires\/","title":{"rendered":"Foie, v\u00e9sicule biliaire, canaux biliaires"},"content":{"rendered":"<h1 class=\"wp-block-post-title\">Foie, v\u00e9sicule biliaire, canaux biliaires<\/h1>\n\n\n<div class=\"wp-block-columns is-layout-flex wp-container-core-columns-is-layout-9d6595d7 wp-block-columns-is-layout-flex\">\n<div class=\"wp-block-column is-layout-flow wp-block-column-is-layout-flow\" style=\"flex-basis:33.33%\">\n<p class=\"has-rot-color has-text-color has-link-color wp-elements-49d9d1d5862c5dfae8b5079a260cf078\">Bien que l&rsquo;ablation de la v\u00e9sicule biliaire soit une op\u00e9ration de routine, nous nous effor\u00e7ons toujours de traiter ce petit organe et ses fragiles structures voisines avec le plus grand respect.<\/p>\n\n\n\n<figure class=\"wp-block-image aligncenter size-full is-resized\"><img decoding=\"async\" src=\"https:\/\/www.swiss1chirurgie.ch\/wp-content\/uploads\/2024\/07\/leber-dark.svg\" alt=\"\" class=\"wp-image-29871\" style=\"width:120px\"\/><\/figure>\n<\/div>\n\n\n\n<div class=\"wp-block-column is-layout-flow wp-block-column-is-layout-flow\" style=\"flex-basis:66.66%\">\n<p>La v\u00e9sicule biliaire joue un r\u00f4le utile, voire essentiel, dans notre syst\u00e8me digestif. Sa t\u00e2che principale consiste \u00e0 stocker la bile produite par le foie et \u00e0 la lib\u00e9rer dans l&rsquo;intestin gr\u00eale apr\u00e8s les repas gras, selon les besoins. La bile est utilis\u00e9e pour \u00e9liminer les substances nocives de l&rsquo;organisme. Elle contient \u00e9galement des enzymes importantes pour la digestion des graisses.<\/p>\n\n\n\n<p>Toutefois, si la v\u00e9sicule biliaire pose des probl\u00e8mes, son ablation peut s&rsquo;av\u00e9rer n\u00e9cessaire. Sans v\u00e9sicule biliaire, notre digestion n&rsquo;est pas entrav\u00e9e car le foie lib\u00e8re la majeure partie de la bile directement dans l&rsquo;intestin gr\u00eale.<\/p>\n<\/div>\n<\/div>\n\n\n\n<div id=\"\" class=\"block-inner\">\n\t<div class=\"uk-container  stoerer top\">\n\t\t\n\n<h2 class=\"wp-block-heading\">Quelles sont les maladies de la v\u00e9sicule biliaire les plus fr\u00e9quentes?<\/h2>\n\n\n\n<div class=\"wp-block-columns stack-reverse is-layout-flex wp-container-core-columns-is-layout-9d6595d7 wp-block-columns-is-layout-flex\">\n<div class=\"wp-block-column is-layout-flow wp-block-column-is-layout-flow\" style=\"flex-basis:33.33%\">\n<figure class=\"wp-block-image size-full is-style-default\"><img loading=\"lazy\" decoding=\"async\" width=\"400\" height=\"383\" src=\"https:\/\/www.swiss1chirurgie.ch\/wp-content\/uploads\/2024\/08\/gallensteine.jpg\" alt=\"\" class=\"wp-image-30442\"\/><\/figure>\n<\/div>\n\n\n\n<div class=\"wp-block-column is-layout-flow wp-block-column-is-layout-flow\" style=\"flex-basis:66.66%\">\n<h3 class=\"wp-block-heading\"><strong>Calculs biliaires<\/strong><\/h3>\n\n\n\n<p>Les calculs biliaires se forment lorsque des composants de la bile, tels que le cholest\u00e9rol ou la bilirubine, se combinent pour former des particules solides. Ce processus peut \u00eatre favoris\u00e9 par divers facteurs tels que l&rsquo;ob\u00e9sit\u00e9, la grossesse, une pr\u00e9disposition g\u00e9n\u00e9tique ou un r\u00e9gime alimentaire malsain. Les calculs biliaires peuvent rester dans la v\u00e9sicule biliaire pendant des ann\u00e9es sans provoquer de sympt\u00f4mes. Dans certains cas, cependant, ils peuvent bloquer le canal biliaire et provoquer des coliques douloureuses. Les calculs biliaires peuvent \u00e9galement entra\u00eener une inflammation de la v\u00e9sicule biliaire, des voies biliaires et du pancr\u00e9as.<\/p>\n\n\n\n<p>D\u00e8s que les calculs biliaires provoquent des sympt\u00f4mes, il est logique de proc\u00e9der \u00e0 leur ablation chirurgicale. Toutefois, s&rsquo;ils sont asymptomatiques, ils ne n\u00e9cessitent pas de traitement.<\/p>\n<\/div>\n<\/div>\n\n\n\n<div class=\"wp-block-columns stack-reverse is-layout-flex wp-container-core-columns-is-layout-9d6595d7 wp-block-columns-is-layout-flex\">\n<div class=\"wp-block-column is-layout-flow wp-block-column-is-layout-flow\" style=\"flex-basis:33.33%\">\n<figure class=\"wp-block-image size-full\"><img loading=\"lazy\" decoding=\"async\" width=\"400\" height=\"383\" src=\"https:\/\/www.swiss1chirurgie.ch\/wp-content\/uploads\/2024\/08\/cholangitis.jpg\" alt=\"\" class=\"wp-image-30445\"\/><\/figure>\n<\/div>\n\n\n\n<div class=\"wp-block-column is-layout-flow wp-block-column-is-layout-flow\" style=\"flex-basis:66.66%\">\n<h3 class=\"wp-block-heading\">Inflammation des voies biliaires (cholangite)<\/h3>\n\n\n\n<p>Ici aussi, un calcul biliaire dans la voie biliaire commune est g\u00e9n\u00e9ralement \u00e0 l&rsquo;origine de l&rsquo;inflammation. Dans de rares cas, une tumeur peut \u00e9galement bloquer le canal biliaire. Si la bile ne s&rsquo;\u00e9coule plus dans l&rsquo;intestin gr\u00eale, cela peut provoquer une inflammation accompagn\u00e9e de fortes douleurs abdominales, de fi\u00e8vre, de frissons et de jaunisse (ict\u00e8re).<\/p>\n\n\n\n<p>Dans ce cas, une CPRE (cholangiopancr\u00e9atographie r\u00e9trograde endoscopique) est n\u00e9cessaire. Il s&rsquo;agit d&rsquo;une m\u00e9thode endoscopique qui permet de visualiser les voies biliaires et de retirer les calculs bloqu\u00e9s. Cette proc\u00e9dure est r\u00e9alis\u00e9e par nos sp\u00e9cialistes gastro-intestinaux comp\u00e9tents (gastro-ent\u00e9rologues).<\/p>\n<\/div>\n<\/div>\n\n\n\n<div class=\"wp-block-columns is-layout-flex wp-container-core-columns-is-layout-9d6595d7 wp-block-columns-is-layout-flex\">\n<div class=\"wp-block-column is-layout-flow wp-block-column-is-layout-flow\" style=\"flex-basis:33.33%\"><\/div>\n\n\n\n<div class=\"wp-block-column is-layout-flow wp-block-column-is-layout-flow\" style=\"flex-basis:66.66%\">\n<h3 class=\"wp-block-heading\"><strong>Inflammation de la v\u00e9sicule biliaire (chol\u00e9cystite)<\/strong><\/h3>\n\n\n\n<p>Si l&rsquo;\u00e9coulement de la v\u00e9sicule biliaire est bloqu\u00e9 (g\u00e9n\u00e9ralement par un calcul biliaire), cela peut entra\u00eener une inflammation de la v\u00e9sicule biliaire. Celle-ci peut \u00eatre tr\u00e8s douloureuse et doit \u00eatre trait\u00e9e le plus rapidement possible. Dans la mesure du possible, la v\u00e9sicule biliaire enflamm\u00e9e doit \u00eatre retir\u00e9e imm\u00e9diatement.<\/p>\n<\/div>\n<\/div>\n\n\n\n<div class=\"wp-block-columns stack-reverse is-layout-flex wp-container-core-columns-is-layout-9d6595d7 wp-block-columns-is-layout-flex\">\n<div class=\"wp-block-column is-layout-flow wp-block-column-is-layout-flow\" style=\"flex-basis:33.33%\">\n<figure class=\"wp-block-image size-large\"><img loading=\"lazy\" decoding=\"async\" width=\"745\" height=\"600\" src=\"https:\/\/www.swiss1chirurgie.ch\/wp-content\/uploads\/2024\/08\/pankreatitis-745x600.jpeg\" alt=\"\" class=\"wp-image-30449\" srcset=\"https:\/\/www.swiss1chirurgie.ch\/wp-content\/uploads\/2024\/08\/pankreatitis-745x600.jpeg 745w, https:\/\/www.swiss1chirurgie.ch\/wp-content\/uploads\/2024\/08\/pankreatitis-600x483.jpeg 600w, https:\/\/www.swiss1chirurgie.ch\/wp-content\/uploads\/2024\/08\/pankreatitis-768x618.jpeg 768w, https:\/\/www.swiss1chirurgie.ch\/wp-content\/uploads\/2024\/08\/pankreatitis.jpeg 800w\" sizes=\"auto, (max-width: 745px) 100vw, 745px\" \/><\/figure>\n<\/div>\n\n\n\n<div class=\"wp-block-column is-layout-flow wp-block-column-is-layout-flow\" style=\"flex-basis:66.66%\">\n<h3 class=\"wp-block-heading\"><strong>Pancr\u00e9atite (inflammation du pancr\u00e9as)<\/strong><\/h3>\n\n\n\n<p>Les calculs biliaires peuvent bloquer non seulement les voies biliaires, mais aussi l&rsquo;\u00e9coulement du pancr\u00e9as dans l&rsquo;intestin gr\u00eale. Cela entra\u00eene alors une inflammation aigu\u00eb du pancr\u00e9as (pancr\u00e9atite). Il s&rsquo;agit d&rsquo;une maladie tr\u00e8s dangereuse qui n\u00e9cessite toujours un suivi \u00e0 l&rsquo;h\u00f4pital.<\/p>\n<\/div>\n<\/div>\n\n\n\t<\/div>\n<\/div>\n\n\n<div class=\"wp-block-columns is-layout-flex wp-container-core-columns-is-layout-9d6595d7 wp-block-columns-is-layout-flex\">\n<div class=\"wp-block-column is-layout-flow wp-block-column-is-layout-flow\">\n<h2 class=\"wp-block-heading\">Existe-t-il des tumeurs de la v\u00e9sicule biliaire?<\/h2>\n\n\n\n<p>Polypes de la v\u00e9sicule biliaire : Les polypes sont des excroissances dans la v\u00e9sicule biliaire qui correspondent soit \u00e0 des polypes de cholest\u00e9rol b\u00e9nins, soit \u00e0 des ad\u00e9nomes polyporeux. Le diagnostic se fait principalement par \u00e9chographie. Les polypes ad\u00e9nomes de plus de 1 cm pr\u00e9sentent un risque de d\u00e9g\u00e9n\u00e9rescence, d&rsquo;o\u00f9 la n\u00e9cessit\u00e9 d&rsquo;une ablation de la v\u00e9sicule biliaire.<\/p>\n\n\n\n<p>Carcinome de la v\u00e9sicule biliaire\/du canal biliaire : il s&rsquo;agit d&rsquo;un n\u00e9oplasme malin de la v\u00e9sicule biliaire et\/ou des canaux biliaires. Il est parfois d\u00e9couvert par hasard dans la v\u00e9sicule biliaire op\u00e9r\u00e9e et parfois il est \u00e0 l&rsquo;origine de la jaunisse. Ces carcinomes sont tr\u00e8s rares dans l&rsquo;ensemble. En cas de carcinome de la v\u00e9sicule biliaire ou du canal chol\u00e9doque, une discussion interdisciplinaire a toujours lieu au sein de notre tumor board afin de trouver la meilleure option de traitement pour chaque cas individuel.<\/p>\n\n\n\n<h2 class=\"wp-block-heading\">Quand l&rsquo;op\u00e9ration de la v\u00e9sicule biliaire est-elle n\u00e9cessaire?<\/h2>\n\n\n\n<p>En cas de colique biliaire r\u00e9currente, d&rsquo;inflammation de la v\u00e9sicule biliaire, d&rsquo;inflammation des voies biliaires ou du pancr\u00e9as caus\u00e9e par des calculs biliaires, ou en cas de polypes de plus de 1 cm, l&rsquo;ablation de la v\u00e9sicule biliaire est n\u00e9cessaire.<\/p>\n\n\n\n<h2 class=\"wp-block-heading\">Comment examine-t-on la v\u00e9sicule biliaire?<\/h2>\n\n\n\n<p>Apr\u00e8s l&rsquo;examen clinique de l&rsquo;abdomen et la consultation, une \u00e9chographie est toujours r\u00e9alis\u00e9e. C&rsquo;est le meilleur moyen de voir les calculs biliaires. Un \u00e9chantillon de sang doit toujours \u00eatre pr\u00e9lev\u00e9 pour diagnostiquer une inflammation. Les voies biliaires peuvent \u00eatre visualis\u00e9es \u00e0 l&rsquo;aide d&rsquo;un examen IRM sp\u00e9cial (MRCP).<\/p>\n\n\n\n<h2 class=\"wp-block-heading\">Comment se d\u00e9roule l&rsquo;op\u00e9ration de la v\u00e9sicule biliaire?<\/h2>\n\n\n\n<p>L&rsquo;op\u00e9ration de la v\u00e9sicule biliaire est g\u00e9n\u00e9ralement r\u00e9alis\u00e9e \u00e0 l&rsquo;aide de techniques peu invasives, c&rsquo;est-\u00e0-dire par de petites incisions dans l&rsquo;abdomen. (laparoscopie, technique du trou de serrure). Cela permet de r\u00e9duire le temps de convalescence et le risque de complications. Les v\u00e9sicules biliaires gravement enflamm\u00e9es ne n\u00e9cessitent que tr\u00e8s rarement une intervention chirurgicale par une grande incision.<\/p>\n\n\n\n<p>L&rsquo;op\u00e9ration dure entre 30 et 60 minutes. S&rsquo;il n&rsquo;y a pas d&rsquo;inflammation grave, l&rsquo;hospitalisation dure 2 jours.<\/p>\n<\/div>\n<\/div>\n\n\n\n<p><\/p>\n\n\n\n<div class=\"block-post-kat\">\n\t<div class=\"uk-child-width-1-3@m uk-grid-match\" uk-grid >\n\t\t\t<div class=\"post-card\">\n\t\t\t<div class=\"uk-card uk-card-default\">\n\t\t\t\t\t\t\t<div class=\"uk-card-body uk-padding-small\">\n\t\t\t\t\t<h3><a href=\"https:\/\/www.swiss1chirurgie.ch\/fr\/calculs-biliaires-une-affection-frequente\/\">Calculs biliaires : une affection fr\u00e9quente<\/a><\/h3>\n\t\t\t\t\t<div class=\"short-info\">\n\t\t\t\t\t\tQuand la bile monte : avez-vous parfois des douleurs apr\u00e8s avoir mang\u00e9 ? Les personnes qui ont souvent des probl\u00e8mes de digestion, des ballonnements ou des douleurs dans la partie sup\u00e9rieure de l&rsquo;abdomen, surtout dans la partie sup\u00e9rieure droite, devraient\u2026\t\t\t\t\t<\/div>\n\t\t\t\t\t<div class=\"button-wrap\">\n\t\t\t\t\t\t<a href=\"https:\/\/www.swiss1chirurgie.ch\/fr\/calculs-biliaires-une-affection-frequente\/\">lire la suite <span uk-icon=\"chevron-right\"><\/span><\/a>\n\t\t\t\t\t<\/div>\n\t\t\t\t<\/div>\n\t\t\t<\/div>\n\t\t<\/div>\n\t\t\n\t\n\t\t\t<\/div>\n\t<div class=\"more-posts-wrap\">\n\t\t<a href=\"https:\/\/www.swiss1chirurgie.ch\/fr\/news\/\" class=\"uk-button\">plus de messages<\/a>\n\t<\/div>\t\n<\/div>\n\n","protected":false},"excerpt":{"rendered":"Bien que l&rsquo;ablation de la v\u00e9sicule biliaire soit une op\u00e9ration de routine, nous nous effor\u00e7ons toujours de traiter ce petit organe et ses fragiles structures voisines avec le plus grand respect. La v\u00e9sicule biliaire joue un r\u00f4le utile, voire essentiel, dans notre syst\u00e8me digestif. Sa t\u00e2che principale consiste \u00e0 stocker la bile produite par le foie et \u00e0 la lib\u00e9rer dans l&rsquo;intestin gr\u00eale apr\u00e8s les repas gras, selon les besoins. La bile est utilis\u00e9e pour \u00e9liminer les substances nocives de [&hellip;]","protected":false},"author":3,"featured_media":30589,"parent":31012,"menu_order":5,"comment_status":"closed","ping_status":"closed","template":"template-full-width.php","meta":{"_acf_changed":false,"footnotes":""},"class_list":["post-31050","page","type-page","status-publish","has-post-thumbnail","hentry"],"acf":[],"_links":{"self":[{"href":"https:\/\/www.swiss1chirurgie.ch\/fr\/wp-json\/wp\/v2\/pages\/31050","targetHints":{"allow":["GET"]}}],"collection":[{"href":"https:\/\/www.swiss1chirurgie.ch\/fr\/wp-json\/wp\/v2\/pages"}],"about":[{"href":"https:\/\/www.swiss1chirurgie.ch\/fr\/wp-json\/wp\/v2\/types\/page"}],"author":[{"embeddable":true,"href":"https:\/\/www.swiss1chirurgie.ch\/fr\/wp-json\/wp\/v2\/users\/3"}],"replies":[{"embeddable":true,"href":"https:\/\/www.swiss1chirurgie.ch\/fr\/wp-json\/wp\/v2\/comments?post=31050"}],"version-history":[{"count":2,"href":"https:\/\/www.swiss1chirurgie.ch\/fr\/wp-json\/wp\/v2\/pages\/31050\/revisions"}],"predecessor-version":[{"id":31141,"href":"https:\/\/www.swiss1chirurgie.ch\/fr\/wp-json\/wp\/v2\/pages\/31050\/revisions\/31141"}],"up":[{"embeddable":true,"href":"https:\/\/www.swiss1chirurgie.ch\/fr\/wp-json\/wp\/v2\/pages\/31012"}],"wp:featuredmedia":[{"embeddable":true,"href":"https:\/\/www.swiss1chirurgie.ch\/fr\/wp-json\/wp\/v2\/media\/30589"}],"wp:attachment":[{"href":"https:\/\/www.swiss1chirurgie.ch\/fr\/wp-json\/wp\/v2\/media?parent=31050"}],"curies":[{"name":"wp","href":"https:\/\/api.w.org\/{rel}","templated":true}]}}