{"id":31036,"date":"2024-04-18T14:51:02","date_gmt":"2024-04-18T12:51:02","guid":{"rendered":"https:\/\/next.swiss1chirurgie.ch\/?page_id=31036"},"modified":"2024-08-27T12:32:44","modified_gmt":"2024-08-27T10:32:44","slug":"proctologie","status":"publish","type":"page","link":"https:\/\/www.swiss1chirurgie.ch\/fr\/specialites\/proctologie\/","title":{"rendered":"Proctologie"},"content":{"rendered":"<h1 class=\"wp-block-post-title\">Proctologie<\/h1>\n\n\n<div class=\"wp-block-columns is-layout-flex wp-container-core-columns-is-layout-9d6595d7 wp-block-columns-is-layout-flex\">\n<div class=\"wp-block-column is-layout-flow wp-block-column-is-layout-flow\" style=\"flex-basis:33.33%\">\n<p class=\"has-rot-color has-text-color has-link-color wp-elements-c9ed8986babebd1059822a82f4e2e75e\">La proctologie est la sp\u00e9cialit\u00e9 dont personne n&rsquo;aime parler, alors qu&rsquo;elle concerne presque tout le monde \u00e0 un moment ou \u00e0 un autre.<\/p>\n\n\n\n<figure class=\"wp-block-image aligncenter size-full is-resized\"><img decoding=\"async\" src=\"https:\/\/www.swiss1chirurgie.ch\/wp-content\/uploads\/2024\/07\/prokto-dark.svg\" alt=\"\" class=\"wp-image-29877\" style=\"width:120px\"\/><\/figure>\n<\/div>\n\n\n\n<div class=\"wp-block-column is-layout-flow wp-block-column-is-layout-flow\" style=\"flex-basis:66.66%\">\n<p>La proctologie traite les maladies du rectum et de l&rsquo;anus. Il s&rsquo;agit par exemple des h\u00e9morro\u00efdes, des fissures ou des fistules. Mais les troubles fonctionnels tels que la constipation, les troubles de la d\u00e9f\u00e9cation ou l&rsquo;incontinence f\u00e9cale font \u00e9galement partie de ce domaine passionnant. La d\u00e9f\u00e9cation est un processus tr\u00e8s complexe qui n\u00e9cessite une r\u00e9gion anale saine. En g\u00e9n\u00e9ral, on ne se rend compte de l&rsquo;importance de cette r\u00e9gion du corps que lorsqu&rsquo;elle ne fonctionne plus correctement. Chez Swiss1Surgery, nous disposons d&rsquo;une longue exp\u00e9rience hautement sp\u00e9cialis\u00e9e dans le traitement des maladies et des troubles de cette r\u00e9gion intime et nous pouvons vous traiter avec comp\u00e9tence et sensibilit\u00e9.<\/p>\n<\/div>\n<\/div>\n\n\n\n<div id=\"\" class=\"block-inner\">\n\t<div class=\"uk-container  stoerer top\">\n\t\t\n\n<h2 class=\"wp-block-heading\">Quelles sont les maladies proctologiques les plus fr\u00e9quentes?<\/h2>\n\n\n\n<div class=\"wp-block-columns stack-reverse is-layout-flex wp-container-core-columns-is-layout-9d6595d7 wp-block-columns-is-layout-flex\">\n<div class=\"wp-block-column is-layout-flow wp-block-column-is-layout-flow\" style=\"flex-basis:33.33%\">\n<figure class=\"wp-block-image size-full\"><img loading=\"lazy\" decoding=\"async\" width=\"378\" height=\"375\" src=\"https:\/\/www.swiss1chirurgie.ch\/wp-content\/uploads\/2024\/08\/haemorrhoiden.jpg\" alt=\"\" class=\"wp-image-30397\" style=\"object-fit:cover\" srcset=\"https:\/\/www.swiss1chirurgie.ch\/wp-content\/uploads\/2024\/08\/haemorrhoiden.jpg 378w, https:\/\/www.swiss1chirurgie.ch\/wp-content\/uploads\/2024\/08\/haemorrhoiden-150x150.jpg 150w\" sizes=\"auto, (max-width: 378px) 100vw, 378px\" \/><\/figure>\n<\/div>\n\n\n\n<div class=\"wp-block-column is-layout-flow wp-block-column-is-layout-flow\" style=\"flex-basis:66.66%\">\n<h3 class=\"wp-block-heading\"><strong>H\u00e9morro\u00efdes<\/strong><\/h3>\n\n\n\n<p>Les h\u00e9morro\u00efdes sont des coussins vasculaires hypertrophi\u00e9s situ\u00e9s dans le canal anal. Ces coussins sont pr\u00e9sents chez tout le monde &#8211; on ne parle d&rsquo;h\u00e9morro\u00efdes que lorsqu&rsquo;ils sont trop volumineux et provoquent des sympt\u00f4mes. Les h\u00e9morro\u00efdes sont tr\u00e8s fr\u00e9quentes et sont favoris\u00e9es par des selles dures, une alimentation pauvre en fibres et une position assise prolong\u00e9e. La maladie \u00e9volue souvent par phases, c&rsquo;est-\u00e0-dire que les sympt\u00f4mes peuvent varier au fil du temps. En cas de petites h\u00e9morro\u00efdes, une bonne r\u00e9gulation des selles suffit souvent \u00e0 obtenir des selles molles. Des pommades permettent \u00e9galement d&rsquo;att\u00e9nuer les sympt\u00f4mes. Cependant, \u00e0 partir d&rsquo;une certaine taille, une intervention chirurgicale est souvent in\u00e9vitable pour un traitement durable.<\/p>\n\n\n\n<p>Les <strong>sympt\u00f4mes<\/strong> typiques <strong>des h\u00e9morro\u00efdes<\/strong> sont la pr\u00e9sence de sang dans les selles, des d\u00e9mangeaisons, une sensation de corps \u00e9tranger ou une fuite de la muqueuse. Un m\u00e9decin doit toujours \u00eatre consult\u00e9 si ces sympt\u00f4mes apparaissent.<\/p>\n\n\n\n<p>Les h\u00e9morro\u00efdes sont fondamentalement inoffensives, mais elles peuvent \u00eatre extr\u00eamement g\u00eanantes et entra\u00eener une r\u00e9duction significative de la qualit\u00e9 de vie.<\/p>\n\n\n\n<p>Les op\u00e9rations des h\u00e9morro\u00efdes sont r\u00e9alis\u00e9es en ambulatoire. Nous nous ferons un plaisir de vous conseiller et de trouver avec vous le traitement ad\u00e9quat.<\/p>\n\n\n\n<p><a href=\"\/fr\/chirurgie-ambulatoire\/\">Chirurgie ambulatoire: professionnelle, centrale, simple<\/a><\/p>\n<\/div>\n<\/div>\n\n\n\n<div class=\"wp-block-columns stack-reverse is-layout-flex wp-container-core-columns-is-layout-9d6595d7 wp-block-columns-is-layout-flex\">\n<div class=\"wp-block-column is-layout-flow wp-block-column-is-layout-flow\" style=\"flex-basis:33.33%\">\n<figure class=\"wp-block-image size-full\"><img loading=\"lazy\" decoding=\"async\" width=\"480\" height=\"480\" src=\"https:\/\/www.swiss1chirurgie.ch\/wp-content\/uploads\/2024\/08\/fissur.jpg\" alt=\"\" class=\"wp-image-30401\" srcset=\"https:\/\/www.swiss1chirurgie.ch\/wp-content\/uploads\/2024\/08\/fissur.jpg 480w, https:\/\/www.swiss1chirurgie.ch\/wp-content\/uploads\/2024\/08\/fissur-150x150.jpg 150w\" sizes=\"auto, (max-width: 480px) 100vw, 480px\" \/><\/figure>\n<\/div>\n\n\n\n<div class=\"wp-block-column is-layout-flow wp-block-column-is-layout-flow\" style=\"flex-basis:66.66%\">\n<h3 class=\"wp-block-heading\"><strong>Fissures<\/strong><\/h3>\n\n\n\n<p>Les fissures sont de petites d\u00e9chirures de la muqueuse situ\u00e9e directement entre l&rsquo;anus et la peau. Elles sont souvent tr\u00e8s douloureuses et peuvent \u00e9galement saigner facilement. Elles peuvent \u00eatre gu\u00e9ries gr\u00e2ce \u00e0 une bonne r\u00e9gulation des selles et \u00e0 des pommades qui d\u00e9tendent le muscle sphincter. Si une fissure ne gu\u00e9rit pas dans les 6 \u00e0 8 semaines suivant cette th\u00e9rapie, elle doit \u00eatre excis\u00e9e au cours d&rsquo;une op\u00e9ration mineure.<\/p>\n<\/div>\n<\/div>\n\n\n\n<div class=\"wp-block-columns stack-reverse is-layout-flex wp-container-core-columns-is-layout-9d6595d7 wp-block-columns-is-layout-flex\">\n<div class=\"wp-block-column is-layout-flow wp-block-column-is-layout-flow\" style=\"flex-basis:33.33%\">\n<figure class=\"wp-block-image size-full\"><img loading=\"lazy\" decoding=\"async\" width=\"1440\" height=\"1436\" src=\"https:\/\/www.swiss1chirurgie.ch\/wp-content\/uploads\/2024\/08\/fistel.jpg\" alt=\"\" class=\"wp-image-30405\" srcset=\"https:\/\/www.swiss1chirurgie.ch\/wp-content\/uploads\/2024\/08\/fistel.jpg 1440w, https:\/\/www.swiss1chirurgie.ch\/wp-content\/uploads\/2024\/08\/fistel-600x598.jpg 600w, https:\/\/www.swiss1chirurgie.ch\/wp-content\/uploads\/2024\/08\/fistel-602x600.jpg 602w, https:\/\/www.swiss1chirurgie.ch\/wp-content\/uploads\/2024\/08\/fistel-150x150.jpg 150w, https:\/\/www.swiss1chirurgie.ch\/wp-content\/uploads\/2024\/08\/fistel-768x766.jpg 768w\" sizes=\"auto, (max-width: 1440px) 100vw, 1440px\" \/><\/figure>\n<\/div>\n\n\n\n<div class=\"wp-block-column is-layout-flow wp-block-column-is-layout-flow\" style=\"flex-basis:66.66%\">\n<h3 class=\"wp-block-heading\"><strong>Fistules<\/strong><\/h3>\n\n\n\n<p>Les fistules sont des connexions entre le rectum et la peau. Elles surviennent g\u00e9n\u00e9ralement \u00e0 la suite d&rsquo;un abc\u00e8s sur le bord de l&rsquo;anus. Elles sont tr\u00e8s g\u00eanantes et doivent imp\u00e9rativement \u00eatre trait\u00e9es, car elles peuvent entra\u00eener des inflammations r\u00e9p\u00e9t\u00e9es et donc des l\u00e9sions du muscle sphinct\u00e9rien.<\/p>\n<\/div>\n<\/div>\n\n\n\n<div class=\"wp-block-columns is-layout-flex wp-container-core-columns-is-layout-9d6595d7 wp-block-columns-is-layout-flex\">\n<div class=\"wp-block-column is-layout-flow wp-block-column-is-layout-flow\" style=\"flex-basis:33.33%\"><\/div>\n\n\n\n<div class=\"wp-block-column is-layout-flow wp-block-column-is-layout-flow\" style=\"flex-basis:66.66%\">\n<h3 class=\"wp-block-heading\"><strong>Marisques<\/strong><\/h3>\n\n\n\n<p>Les marisques sont des lobules cutan\u00e9s situ\u00e9s sur l&rsquo;anus, qui appartiennent au corps humain et ne provoquent normalement aucun sympt\u00f4me. Cependant, ils peuvent g\u00eaner l&rsquo;hygi\u00e8ne anale, rendre le nettoyage difficile ou provoquer des d\u00e9mangeaisons. Elles peuvent alors \u00eatre retir\u00e9es au cours d&rsquo;une op\u00e9ration mineure.<\/p>\n<\/div>\n<\/div>\n\n\n\n<div class=\"wp-block-columns is-layout-flex wp-container-core-columns-is-layout-9d6595d7 wp-block-columns-is-layout-flex\">\n<div class=\"wp-block-column is-layout-flow wp-block-column-is-layout-flow\" style=\"flex-basis:33.33%\"><\/div>\n\n\n\n<div class=\"wp-block-column is-layout-flow wp-block-column-is-layout-flow\" style=\"flex-basis:66.66%\">\n<h3 class=\"wp-block-heading\"><strong>Dysfonctionnements<\/strong><\/h3>\n\n\n\n<p>Les troubles de la d\u00e9f\u00e9cation sont souvent dus \u00e0 une obstruction m\u00e9canique, par exemple un <strong>prolapsus rectal<\/strong> interne ou externe <strong>ou un prolapsus intestinal<\/strong>. Dans ce cas, le rectum fait saillie sur lui-m\u00eame, ce qui peut entra\u00eener une obstruction des selles. Un tel prolapsus peut \u00eatre trait\u00e9 par chirurgie laparoscopique. Cette op\u00e9ration consiste \u00e0 \u00e9tirer le rectum \u00e0 l&rsquo;aide d&rsquo;un filet en plastique et \u00e0 permettre l&rsquo;\u00e9vacuation des selles.<\/p>\n\n\n\n<p>En cas d&rsquo;<strong>incontinence<\/strong>, le muscle sphincter doit d&rsquo;abord \u00eatre examin\u00e9. Si le muscle est suffisamment d\u00e9velopp\u00e9, la th\u00e9rapie par biofeedback (un type de physioth\u00e9rapie) permet souvent d&rsquo;obtenir une am\u00e9lioration significative de la continence. Sinon, les options de traitement comprennent la suture du muscle sphincter ou l&rsquo;installation d&rsquo;un neurostimulateur (une sorte de stimulateur cardiaque), qui am\u00e9liore la fonction du muscle sphincter.<\/p>\n<\/div>\n<\/div>\n\n\n\t<\/div>\n<\/div>\n\n\n<div class=\"wp-block-columns is-layout-flex wp-container-core-columns-is-layout-9d6595d7 wp-block-columns-is-layout-flex\">\n<div class=\"wp-block-column is-layout-flow wp-block-column-is-layout-flow\">\n<h2 class=\"wp-block-heading\">Quelles sont les options diagnostiques disponibles en proctologie?<\/h2>\n\n\n\n<p>Le plus important est de nous en parler. Nous pouvons souvent suspecter le diagnostic par la suite. Nous proc\u00e9dons alors \u00e0 l&rsquo;examen clinique en position lat\u00e9rale. Nous regardons la r\u00e9gion anale, cherchons un durcissement ou un gonflement avec le doigt et introduisons enfin un proctoscope (tube en plastique muni d&rsquo;une source lumineuse) dans l&rsquo;anus afin de voir la muqueuse. Cet examen n&rsquo;est pas douloureux et ne dure que quelques minutes.<\/p>\n\n\n\n<p>Des examens compl\u00e9mentaires par \u00e9chographie ou IRM sont parfois n\u00e9cessaires.<\/p>\n\n\n\n<h2 class=\"wp-block-heading\">O\u00f9 et comment les op\u00e9rations proctologiques sont-elles pratiqu\u00e9es?<\/h2>\n\n\n\n<p>De nombreuses op\u00e9rations proctologiques telles que les h\u00e9morro\u00efdes, les fissures ou les \u00e9tiquettes cutan\u00e9es anales peuvent \u00eatre r\u00e9alis\u00e9es en ambulatoire. Nous pratiquons les interventions ambulatoires dans le cabinet du groupe de gastro-ent\u00e9rologie ou dans le centre de chirurgie ambulatoire Opera \u00e0 Berne.<\/p>\n\n\n\n<p>Pour les interventions plus complexes, nous op\u00e9rons en milieu hospitalier \u00e0 la clinique Beau-Site \u00e0 Berne.<\/p>\n\n\n\n<h2 class=\"wp-block-heading\">Qu&rsquo;est-ce qui est important apr\u00e8s une chirurgie proctologique?<\/h2>\n\n\n\n<p>La r\u00e9gion anale \u00e9tant tr\u00e8s sensible, un traitement ad\u00e9quat de la douleur est n\u00e9cessaire apr\u00e8s une intervention. Un temps de r\u00e9cup\u00e9ration suffisant est \u00e9galement n\u00e9cessaire apr\u00e8s les interventions mineures. Il est \u00e9galement important que les selles ne soient pas trop dures. C&rsquo;est pourquoi nous prescrivons toujours un laxatif les premiers jours. Les plaies ouvertes de l&rsquo;anus sont nettoy\u00e9es \u00e0 l&rsquo;eau, des pansements ou des pommades sp\u00e9ciales ne sont pas n\u00e9cessaires \u00e0 la cicatrisation.<\/p>\n<\/div>\n<\/div>\n\n\n\n<p><\/p>\n\n\n\n<div class=\"block-post-kat\">\n\t<div class=\"uk-child-width-1-3@m uk-grid-match\" uk-grid >\n\t\t\t<div class=\"post-card\">\n\t\t\t<div class=\"uk-card uk-card-default\">\n\t\t\t\t\t\t<div class=\"uk-card-media-top bild\" style=\"background-image:url(https:\/\/www.swiss1chirurgie.ch\/wp-content\/uploads\/2022\/02\/IMG_0832.jpg);\">\n\t\t\t\t<a href=\"https:\/\/www.swiss1chirurgie.ch\/fr\/thoune-est-un-autre-site-de-swiss1chirurgie\/\"><\/a>\n\t\t\t<\/div>\n\t\t\t\t\t\t\t<div class=\"uk-card-body uk-padding-small\">\n\t\t\t\t\t<h3><a href=\"https:\/\/www.swiss1chirurgie.ch\/fr\/thoune-est-un-autre-site-de-swiss1chirurgie\/\">Thun, nouveau site de Swiss1Chirurgie<\/a><\/h3>\n\t\t\t\t\t<div class=\"short-info\">\n\t\t\t\t\t\tAvec le cabinet du Dr Markus Naef \u00e0 Thoune, Swiss1Chirurgie \u00e9largit encore son offre de prestations et assure la prise\u2026\t\t\t\t\t<\/div>\n\t\t\t\t\t<div class=\"button-wrap\">\n\t\t\t\t\t\t<a href=\"https:\/\/www.swiss1chirurgie.ch\/fr\/thoune-est-un-autre-site-de-swiss1chirurgie\/\">lire la suite <span uk-icon=\"chevron-right\"><\/span><\/a>\n\t\t\t\t\t<\/div>\n\t\t\t\t<\/div>\n\t\t\t<\/div>\n\t\t<\/div>\n\t\t\n\t\n\t\t\t<\/div>\n\t<div class=\"more-posts-wrap\">\n\t\t<a href=\"https:\/\/www.swiss1chirurgie.ch\/fr\/news\/\" class=\"uk-button\">plus de messages<\/a>\n\t<\/div>\t\n<\/div>\n\n","protected":false},"excerpt":{"rendered":"La proctologie est la sp\u00e9cialit\u00e9 dont personne n&rsquo;aime parler, alors qu&rsquo;elle concerne presque tout le monde \u00e0 un moment ou \u00e0 un autre. La proctologie traite les maladies du rectum et de l&rsquo;anus. Il s&rsquo;agit par exemple des h\u00e9morro\u00efdes, des fissures ou des fistules. Mais les troubles fonctionnels tels que la constipation, les troubles de la d\u00e9f\u00e9cation ou l&rsquo;incontinence f\u00e9cale font \u00e9galement partie de ce domaine passionnant. La d\u00e9f\u00e9cation est un processus tr\u00e8s complexe qui n\u00e9cessite une r\u00e9gion anale saine. [&hellip;]","protected":false},"author":3,"featured_media":30103,"parent":31012,"menu_order":3,"comment_status":"closed","ping_status":"closed","template":"template-full-width.php","meta":{"_acf_changed":false,"footnotes":""},"class_list":["post-31036","page","type-page","status-publish","has-post-thumbnail","hentry"],"acf":[],"_links":{"self":[{"href":"https:\/\/www.swiss1chirurgie.ch\/fr\/wp-json\/wp\/v2\/pages\/31036","targetHints":{"allow":["GET"]}}],"collection":[{"href":"https:\/\/www.swiss1chirurgie.ch\/fr\/wp-json\/wp\/v2\/pages"}],"about":[{"href":"https:\/\/www.swiss1chirurgie.ch\/fr\/wp-json\/wp\/v2\/types\/page"}],"author":[{"embeddable":true,"href":"https:\/\/www.swiss1chirurgie.ch\/fr\/wp-json\/wp\/v2\/users\/3"}],"replies":[{"embeddable":true,"href":"https:\/\/www.swiss1chirurgie.ch\/fr\/wp-json\/wp\/v2\/comments?post=31036"}],"version-history":[{"count":6,"href":"https:\/\/www.swiss1chirurgie.ch\/fr\/wp-json\/wp\/v2\/pages\/31036\/revisions"}],"predecessor-version":[{"id":31118,"href":"https:\/\/www.swiss1chirurgie.ch\/fr\/wp-json\/wp\/v2\/pages\/31036\/revisions\/31118"}],"up":[{"embeddable":true,"href":"https:\/\/www.swiss1chirurgie.ch\/fr\/wp-json\/wp\/v2\/pages\/31012"}],"wp:featuredmedia":[{"embeddable":true,"href":"https:\/\/www.swiss1chirurgie.ch\/fr\/wp-json\/wp\/v2\/media\/30103"}],"wp:attachment":[{"href":"https:\/\/www.swiss1chirurgie.ch\/fr\/wp-json\/wp\/v2\/media?parent=31036"}],"curies":[{"name":"wp","href":"https:\/\/api.w.org\/{rel}","templated":true}]}}