{"id":31030,"date":"2024-04-18T14:51:18","date_gmt":"2024-04-18T12:51:18","guid":{"rendered":"https:\/\/next.swiss1chirurgie.ch\/?page_id=31030"},"modified":"2024-08-27T12:31:29","modified_gmt":"2024-08-27T10:31:29","slug":"estomac","status":"publish","type":"page","link":"https:\/\/www.swiss1chirurgie.ch\/fr\/specialites\/estomac\/","title":{"rendered":"Estomac"},"content":{"rendered":"<h1 class=\"wp-block-post-title\">Estomac<\/h1>\n\n\n<div class=\"wp-block-columns is-layout-flex wp-container-core-columns-is-layout-9d6595d7 wp-block-columns-is-layout-flex\">\n<div class=\"wp-block-column is-layout-flow wp-block-column-is-layout-flow\" style=\"flex-basis:33.33%\">\n<p class=\"has-rot-color has-text-color has-link-color wp-elements-6c57ae08dc47a32f661fbf7c30654657\">\u00ab\u00a0Le stress touche l&rsquo;estomac\u00a0\u00bb n&rsquo;est pas une simple expression. Chez de nombreuses personnes, l&rsquo;estomac r\u00e9agit au stress mental et physique par une production accrue d&rsquo;acide gastrique, qui peut endommager la paroi de l&rsquo;estomac, pourtant robuste.<\/p>\n\n\n\n<figure class=\"wp-block-image aligncenter size-full is-resized\"><img decoding=\"async\" src=\"https:\/\/www.swiss1chirurgie.ch\/wp-content\/uploads\/2024\/07\/magen-dark.svg\" alt=\"\" class=\"wp-image-29874\" style=\"width:120px\"\/><\/figure>\n<\/div>\n\n\n\n<div class=\"wp-block-column is-layout-flow wp-block-column-is-layout-flow\" style=\"flex-basis:66.66%\">\n<p>L&rsquo;estomac sert \u00e0 stocker les aliments m\u00e2ch\u00e9s avant qu&rsquo;ils ne soient transmis au duod\u00e9num. Les aliments sont transform\u00e9s en chyme dans l&rsquo;estomac et sont ainsi pr\u00e9par\u00e9s \u00e0 la digestion et \u00e0 l&rsquo;absorption dans l&rsquo;intestin gr\u00eale. Ce processus dure en moyenne 3 heures. L&rsquo;estomac nous permet de couvrir nos besoins nutritionnels en quelques repas copieux. Outre l&rsquo;acide gastrique, l&rsquo;estomac produit diverses enzymes et hormones digestives.<\/p>\n<\/div>\n<\/div>\n\n\n\n<div id=\"\" class=\"block-inner\">\n\t<div class=\"uk-container  stoerer top\">\n\t\t\n\n<h2 class=\"wp-block-heading\">Quelles sont les maladies courantes de l&rsquo;estomac ?<\/h2>\n\n\n\n<div class=\"wp-block-columns stack-reverse is-layout-flex wp-container-core-columns-is-layout-9d6595d7 wp-block-columns-is-layout-flex\">\n<div class=\"wp-block-column is-layout-flow wp-block-column-is-layout-flow\" style=\"flex-basis:33.33%\">\n<figure class=\"wp-block-image size-medium\"><img loading=\"lazy\" decoding=\"async\" width=\"600\" height=\"556\" src=\"https:\/\/www.swiss1chirurgie.ch\/wp-content\/uploads\/2024\/08\/gastritis-600x556.png\" alt=\"Schematische Darstellung einer Gastritis\" class=\"wp-image-30383\" srcset=\"https:\/\/www.swiss1chirurgie.ch\/wp-content\/uploads\/2024\/08\/gastritis-600x556.png 600w, https:\/\/www.swiss1chirurgie.ch\/wp-content\/uploads\/2024\/08\/gastritis-647x600.png 647w, https:\/\/www.swiss1chirurgie.ch\/wp-content\/uploads\/2024\/08\/gastritis-768x712.png 768w, https:\/\/www.swiss1chirurgie.ch\/wp-content\/uploads\/2024\/08\/gastritis.png 918w\" sizes=\"auto, (max-width: 600px) 100vw, 600px\" \/><\/figure>\n<\/div>\n\n\n\n<div class=\"wp-block-column is-layout-flow wp-block-column-is-layout-flow\" style=\"flex-basis:66.66%\">\n<h3 class=\"wp-block-heading\"><strong>Inflammation de l&rsquo;estomac<\/strong><\/h3>\n\n\n\n<p>L&rsquo;hyperacidit\u00e9 de l&rsquo;estomac peut \u00e9galement provoquer des probl\u00e8mes dans l&rsquo;estomac. L&rsquo;utilisation chronique d&rsquo;analg\u00e9siques (AINS tels que Voltaren, Toradol ou Aspirine) peut entra\u00eener une gastrite. Dans les cas graves, la gastrite peut entra\u00eener un ulc\u00e8re de l&rsquo;estomac, voire une rupture de l&rsquo;estomac. Des h\u00e9morragies graves peuvent \u00e9galement \u00eatre d\u00e9clench\u00e9es. Cela peut entra\u00eener des vomissements de sang ou des selles noires et goudronneuses.<\/p>\n\n\n\n<p>Outre les analg\u00e9siques, le stress, le tabagisme, l&rsquo;alcool ou, tr\u00e8s rarement, des tumeurs de l&rsquo;estomac ou du pancr\u00e9as peuvent \u00eatre \u00e0 l&rsquo;origine d&rsquo;une gastrite.<\/p>\n\n\n\n<p>Le diagnostic est \u00e9tabli par gastroscopie. Le traitement fait appel \u00e0 des m\u00e9dicaments qui bloquent l&rsquo;acidit\u00e9 de l&rsquo;estomac (inhibiteurs de la pompe \u00e0 protons). Si l&rsquo;estomac est colonis\u00e9 par la bact\u00e9rie Helicobacter pylori, une antibioth\u00e9rapie (th\u00e9rapie d&rsquo;\u00e9radication) doit \u00eatre mise en \u0153uvre pour pr\u00e9venir l&rsquo;inflammation chronique.<\/p>\n<\/div>\n<\/div>\n\n\n\n<div class=\"wp-block-columns stack-reverse is-layout-flex wp-container-core-columns-is-layout-9d6595d7 wp-block-columns-is-layout-flex\">\n<div class=\"wp-block-column is-layout-flow wp-block-column-is-layout-flow\" style=\"flex-basis:33.33%\">\n<figure class=\"wp-block-image size-large\"><img loading=\"lazy\" decoding=\"async\" width=\"748\" height=\"600\" src=\"https:\/\/www.swiss1chirurgie.ch\/wp-content\/uploads\/2024\/08\/magenkrebs-1-748x600.jpg\" alt=\"\" class=\"wp-image-30391\" srcset=\"https:\/\/www.swiss1chirurgie.ch\/wp-content\/uploads\/2024\/08\/magenkrebs-1-748x600.jpg 748w, https:\/\/www.swiss1chirurgie.ch\/wp-content\/uploads\/2024\/08\/magenkrebs-1-600x481.jpg 600w, https:\/\/www.swiss1chirurgie.ch\/wp-content\/uploads\/2024\/08\/magenkrebs-1-768x616.jpg 768w, https:\/\/www.swiss1chirurgie.ch\/wp-content\/uploads\/2024\/08\/magenkrebs-1.jpg 1076w\" sizes=\"auto, (max-width: 748px) 100vw, 748px\" \/><\/figure>\n<\/div>\n\n\n\n<div class=\"wp-block-column is-layout-flow wp-block-column-is-layout-flow\" style=\"flex-basis:66.66%\">\n<h3 class=\"wp-block-heading\"><strong>Tumeurs de l&rsquo;estomac<\/strong><\/h3>\n\n\n\n<h4 class=\"wp-block-heading\">Tumeurs <strong>b\u00e9nignes<\/strong><\/h4>\n\n\n\n<p>Les ulc\u00e8res ne sont pas n\u00e9cessairement malins. Ils peuvent \u00eatre caus\u00e9s par des m\u00e9dicaments, le stress ou l&rsquo;alcool et gu\u00e9rissent g\u00e9n\u00e9ralement gr\u00e2ce \u00e0 un traitement \u00e0 base d&rsquo;antiacides. Les polypes (petites excroissances ressemblant \u00e0 des p\u00e9doncules) peuvent \u00eatre b\u00e9nins et sont souvent le r\u00e9sultat de nombreuses ann\u00e9es de prise d&rsquo;antiacides.<\/p>\n\n\n\n<p>Les lipomes ou l\u00e9iomyomes b\u00e9nins sont rarement pr\u00e9sents dans la paroi de l&rsquo;estomac. Ils peuvent g\u00e9n\u00e9ralement \u00eatre enlev\u00e9s par laparoscopie.<\/p>\n\n\n\n<h4 class=\"wp-block-heading\"><strong>Tumeurs malignes<\/strong><\/h4>\n\n\n\n<p>Le cancer de l&rsquo;estomac est souvent reconnu tardivement car les sympt\u00f4mes ne sont g\u00e9n\u00e9ralement pas sp\u00e9cifiques. Il peut y avoir une perte de poids, une perte d&rsquo;app\u00e9tit ou une aversion pour certains aliments. Les vomissements ou les douleurs abdominales s\u00e9v\u00e8res ne surviennent que tr\u00e8s tardivement.<\/p>\n\n\n\n<p>Le diagnostic est pos\u00e9 par gastroscopie et un scanner de l&rsquo;abdomen et du thorax est alors n\u00e9cessaire pour planifier le traitement. Le traitement du cancer de l&rsquo;estomac est toujours interdisciplinaire et implique des oncologues, des radiologues, des radioth\u00e9rapeutes, des pathologistes et des chirurgiens.<\/p>\n<\/div>\n<\/div>\n\n\n\t<\/div>\n<\/div>\n\n\n<div class=\"wp-block-columns is-layout-flex wp-container-core-columns-is-layout-9d6595d7 wp-block-columns-is-layout-flex\">\n<div class=\"wp-block-column is-layout-flow wp-block-column-is-layout-flow\">\n<h2 class=\"wp-block-heading\">\u00c0 quoi ressemble une op\u00e9ration de l&rsquo;estomac ?<\/h2>\n\n\n\n<p>Les tumeurs b\u00e9nignes peuvent g\u00e9n\u00e9ralement \u00eatre enlev\u00e9es par laparoscopie. Dans le cas de petites tumeurs ou de tumeurs malignes \u00e0 un stade tr\u00e8s pr\u00e9coce, l&rsquo;ablation endoscopique par gastroscopie est parfois possible. En revanche, en cas de tumeur avanc\u00e9e, il faut g\u00e9n\u00e9ralement enlever la plus grande partie de l&rsquo;estomac, voire tout l&rsquo;estomac, y compris les vaisseaux sanguins et lymphatiques qui y sont associ\u00e9s. L\u00e0 encore, l&rsquo;op\u00e9ration peut souvent \u00eatre r\u00e9alis\u00e9e par laparoscopie. L&rsquo;\u0153sophage ou le reste de l&rsquo;estomac est alors reli\u00e9 directement \u00e0 l&rsquo;intestin gr\u00eale. Apr\u00e8s une op\u00e9ration importante de l&rsquo;estomac, il faut prendre plusieurs petits repas par jour pour \u00e9viter une perte de poids excessive.<\/p>\n<\/div>\n<\/div>\n\n\n\n<div class=\"wp-block-columns is-layout-flex wp-container-core-columns-is-layout-9d6595d7 wp-block-columns-is-layout-flex\">\n<div class=\"wp-block-column is-layout-flow wp-block-column-is-layout-flow\">\n<h2 class=\"wp-block-heading\">Quels sont les sympt\u00f4mes des maladies de l&rsquo;estomac ?<\/h2>\n\n\n\n<p>De nombreux sympt\u00f4mes ne sont pas sp\u00e9cifiques et vont de la perte d&rsquo;app\u00e9tit et d&rsquo;une sensation de pl\u00e9nitude \u00e0 des douleurs dans la partie sup\u00e9rieure de l&rsquo;abdomen, des naus\u00e9es et des vomissements. Des selles noires peuvent \u00e9galement indiquer une maladie de l&rsquo;estomac.<\/p>\n\n\n\n<p>Chez Swiss1Chirurgie, nous sommes sp\u00e9cialis\u00e9s dans les maladies de l&rsquo;estomac. En collaboration avec nos partenaires en gastro-ent\u00e9rologie, nous proposons un traitement de pointe pour toutes les maladies de cet organe, conform\u00e9ment aux derni\u00e8res d\u00e9couvertes scientifiques.<\/p>\n<\/div>\n<\/div>\n\n\n\n<p><br><br><\/p>\n\n\n\n<p><\/p>\n\n\n\n","protected":false},"excerpt":{"rendered":"\u00ab\u00a0Le stress touche l&rsquo;estomac\u00a0\u00bb n&rsquo;est pas une simple expression. Chez de nombreuses personnes, l&rsquo;estomac r\u00e9agit au stress mental et physique par une production accrue d&rsquo;acide gastrique, qui peut endommager la paroi de l&rsquo;estomac, pourtant robuste. L&rsquo;estomac sert \u00e0 stocker les aliments m\u00e2ch\u00e9s avant qu&rsquo;ils ne soient transmis au duod\u00e9num. Les aliments sont transform\u00e9s en chyme dans l&rsquo;estomac et sont ainsi pr\u00e9par\u00e9s \u00e0 la digestion et \u00e0 l&rsquo;absorption dans l&rsquo;intestin gr\u00eale. Ce processus dure en moyenne 3 heures. L&rsquo;estomac nous permet [&hellip;]","protected":false},"author":3,"featured_media":30580,"parent":31012,"menu_order":2,"comment_status":"closed","ping_status":"closed","template":"template-full-width.php","meta":{"_acf_changed":false,"footnotes":""},"class_list":["post-31030","page","type-page","status-publish","has-post-thumbnail","hentry"],"acf":[],"_links":{"self":[{"href":"https:\/\/www.swiss1chirurgie.ch\/fr\/wp-json\/wp\/v2\/pages\/31030","targetHints":{"allow":["GET"]}}],"collection":[{"href":"https:\/\/www.swiss1chirurgie.ch\/fr\/wp-json\/wp\/v2\/pages"}],"about":[{"href":"https:\/\/www.swiss1chirurgie.ch\/fr\/wp-json\/wp\/v2\/types\/page"}],"author":[{"embeddable":true,"href":"https:\/\/www.swiss1chirurgie.ch\/fr\/wp-json\/wp\/v2\/users\/3"}],"replies":[{"embeddable":true,"href":"https:\/\/www.swiss1chirurgie.ch\/fr\/wp-json\/wp\/v2\/comments?post=31030"}],"version-history":[{"count":5,"href":"https:\/\/www.swiss1chirurgie.ch\/fr\/wp-json\/wp\/v2\/pages\/31030\/revisions"}],"predecessor-version":[{"id":31116,"href":"https:\/\/www.swiss1chirurgie.ch\/fr\/wp-json\/wp\/v2\/pages\/31030\/revisions\/31116"}],"up":[{"embeddable":true,"href":"https:\/\/www.swiss1chirurgie.ch\/fr\/wp-json\/wp\/v2\/pages\/31012"}],"wp:featuredmedia":[{"embeddable":true,"href":"https:\/\/www.swiss1chirurgie.ch\/fr\/wp-json\/wp\/v2\/media\/30580"}],"wp:attachment":[{"href":"https:\/\/www.swiss1chirurgie.ch\/fr\/wp-json\/wp\/v2\/media?parent=31030"}],"curies":[{"name":"wp","href":"https:\/\/api.w.org\/{rel}","templated":true}]}}