{"id":30803,"date":"2024-04-18T14:52:18","date_gmt":"2024-04-18T12:52:18","guid":{"rendered":"https:\/\/mysegobu.cyon.site\/faq\/"},"modified":"2024-08-26T19:01:15","modified_gmt":"2024-08-26T17:01:15","slug":"faq","status":"publish","type":"page","link":"https:\/\/www.swiss1chirurgie.ch\/fr\/faq\/","title":{"rendered":"FAQ"},"content":{"rendered":"<h1 class=\"wp-block-post-title\">FAQ<\/h1>\n\n\n<h2 class=\"wp-block-heading\">Comment puis-je m&rsquo;inscrire \u00e0 une enqu\u00eate ?<\/h2>\n\n\n\n<p>Soit par l&rsquo;interm\u00e9diaire du m\u00e9decin de famille, soit directement par t\u00e9l\u00e9phone ou par e-mail.<\/p>\n\n\n\n<h2 class=\"wp-block-heading\">Combien de temps dois-je attendre pour obtenir un rendez-vous pour un entretien ?<\/h2>\n\n\n\n<p>En r\u00e8gle g\u00e9n\u00e9rale, nous pouvons vous garantir un rendez-vous dans notre cabinet de consultation dans un d\u00e9lai de deux semaines.<\/p>\n\n\n\n<h2 class=\"wp-block-heading\">O\u00f9 se d\u00e9roulent les op\u00e9rations ?<\/h2>\n\n\n\n<p>Les interventions ambulatoires ont g\u00e9n\u00e9ralement lieu au cabinet de groupe de gastroent\u00e9rologie de la Bubenbergplatz \u00e0 Berne. Les interventions stationnaires ont lieu \u00e0 la clinique Beau-Site \u00e0 Berne.<\/p>\n\n\n\n<h2 class=\"wp-block-heading\">Puis-je choisir le m\u00e9decin de Swiss1Chirurgie que je souhaite consulter ?<\/h2>\n\n\n\n<p>En principe, oui. La plupart des interventions sont pratiqu\u00e9es par tous les m\u00e9decins de Swiss1Chirurgie. Il y a quelques exceptions : Dr. med. J\u00f6rg Zehetner est notre sp\u00e9cialiste du reflux, ces op\u00e9rations sont effectu\u00e9es par lui. Le Dr Anita Scheiwiller est notre sp\u00e9cialiste des op\u00e9rations de la thyro\u00efde et des parathyro\u00efdes.<\/p>\n\n\n\n<h2 class=\"wp-block-heading\">Dans quel d\u00e9lai une op\u00e9ration peut-elle \u00eatre planifi\u00e9e ?<\/h2>\n\n\n\n<p>Nous pouvons presque toujours vous proposer une date d&rsquo;op\u00e9ration rapide, dans un d\u00e9lai de 2 \u00e0 3 semaines.<\/p>\n\n\n\n<h2 class=\"wp-block-heading\">Puis-je me faire op\u00e9rer chez vous si je n&rsquo;habite pas dans le canton de Berne ?<\/h2>\n\n\n\n<p>Si vous avez l&rsquo;assurance compl\u00e9mentaire \u00ab\u00a0dans toute la Suisse\u00a0\u00bb, cela ne pose aucun probl\u00e8me. M\u00eame pour les interventions qui ne sont pas propos\u00e9es dans votre canton de r\u00e9sidence (interventions abdominales dites hautement sp\u00e9cialis\u00e9es), la caisse maladie prend toujours en charge l&rsquo;int\u00e9gralit\u00e9 des co\u00fbts. Dans le cas contraire, vous devez payer vous-m\u00eame la diff\u00e9rence de co\u00fbts entre les cantons. Or, il s&rsquo;agit en g\u00e9n\u00e9ral de tr\u00e8s petites sommes d&rsquo;argent.<\/p>\n","protected":false},"excerpt":{"rendered":"Comment puis-je m&rsquo;inscrire \u00e0 une enqu\u00eate ? Soit par l&rsquo;interm\u00e9diaire du m\u00e9decin de famille, soit directement par t\u00e9l\u00e9phone ou par e-mail. Combien de temps dois-je attendre pour obtenir un rendez-vous pour un entretien ? En r\u00e8gle g\u00e9n\u00e9rale, nous pouvons vous garantir un rendez-vous dans notre cabinet de consultation dans un d\u00e9lai de deux semaines. O\u00f9 se d\u00e9roulent les op\u00e9rations ? Les interventions ambulatoires ont g\u00e9n\u00e9ralement lieu au cabinet de groupe de gastroent\u00e9rologie de la Bubenbergplatz \u00e0 Berne. Les interventions stationnaires [&hellip;]","protected":false},"author":1,"featured_media":30794,"parent":0,"menu_order":6,"comment_status":"closed","ping_status":"closed","template":"template-full-width.php","meta":{"_acf_changed":false,"footnotes":""},"class_list":["post-30803","page","type-page","status-publish","has-post-thumbnail","hentry"],"acf":[],"_links":{"self":[{"href":"https:\/\/www.swiss1chirurgie.ch\/fr\/wp-json\/wp\/v2\/pages\/30803","targetHints":{"allow":["GET"]}}],"collection":[{"href":"https:\/\/www.swiss1chirurgie.ch\/fr\/wp-json\/wp\/v2\/pages"}],"about":[{"href":"https:\/\/www.swiss1chirurgie.ch\/fr\/wp-json\/wp\/v2\/types\/page"}],"author":[{"embeddable":true,"href":"https:\/\/www.swiss1chirurgie.ch\/fr\/wp-json\/wp\/v2\/users\/1"}],"replies":[{"embeddable":true,"href":"https:\/\/www.swiss1chirurgie.ch\/fr\/wp-json\/wp\/v2\/comments?post=30803"}],"version-history":[{"count":2,"href":"https:\/\/www.swiss1chirurgie.ch\/fr\/wp-json\/wp\/v2\/pages\/30803\/revisions"}],"predecessor-version":[{"id":30983,"href":"https:\/\/www.swiss1chirurgie.ch\/fr\/wp-json\/wp\/v2\/pages\/30803\/revisions\/30983"}],"wp:featuredmedia":[{"embeddable":true,"href":"https:\/\/www.swiss1chirurgie.ch\/fr\/wp-json\/wp\/v2\/media\/30794"}],"wp:attachment":[{"href":"https:\/\/www.swiss1chirurgie.ch\/fr\/wp-json\/wp\/v2\/media?parent=30803"}],"curies":[{"name":"wp","href":"https:\/\/api.w.org\/{rel}","templated":true}]}}