{"id":30770,"date":"2024-08-20T12:20:01","date_gmt":"2024-08-20T10:20:01","guid":{"rendered":"https:\/\/mysegobu.cyon.site\/?page_id=30770"},"modified":"2025-08-11T17:11:19","modified_gmt":"2025-08-11T15:11:19","slug":"chirurgie-ambulatoire","status":"publish","type":"page","link":"https:\/\/www.swiss1chirurgie.ch\/fr\/chirurgie-ambulatoire\/","title":{"rendered":"Chirurgie ambulatoire"},"content":{"rendered":"\n<h1 class=\"wp-block-heading\">Chirurgie ambulatoire:<br>professionnel, central, simple<\/h1>\n\n\n\n<h2 class=\"wp-block-heading\">Swiss1Chirurgie op\u00e8re au centre de chirurgie ambulatoire OPERA Berne<\/h2>\n\n\n\n<div class=\"wp-block-columns is-layout-flex wp-container-core-columns-is-layout-9d6595d7 wp-block-columns-is-layout-flex\">\n<div class=\"wp-block-column is-layout-flow wp-block-column-is-layout-flow\">\n<p>Au centre de chirurgie ambulatoire OPERA Berne nous r\u00e9alisons de petites op\u00e9rations ambulatoires. L&rsquo;\u00e9ventail des interventions comprend <strong>la chirurgie proctologique, les tumeurs cutan\u00e9es, les lipomes, les hernies ombilicales ou les corrections de cicatrices<\/strong>.<\/p>\n\n\n\n<p>Notre setting permet un d\u00e9roulement simple sans solliciter les ressources limit\u00e9es de l&rsquo;h\u00f4pital. Nous offrons aux patients une nouvelle infrastructure, une \u00e9quipe bien rod\u00e9e et exp\u00e9riment\u00e9e depuis de nombreuses ann\u00e9es. Le temps n\u00e9cessaire \u00e0 une intervention est donc tr\u00e8s r\u00e9duit et les co\u00fbts correspondants sont faibles.<\/p>\n\n\n\n<p>Nous nous r\u00e9jouissons de vos inscriptions et restons \u00e0 votre disposition pour toute question par e-mail ou par t\u00e9l\u00e9phone.<\/p>\n\n\n\n<p><strong>E-Mail<\/strong>&nbsp;<a href=\"mailto:swiss1chirurgie@hirslanden.ch\">swiss1chirurgie@hirslanden.ch<\/a><\/p>\n\n\n\n<p><strong>Telefon<\/strong>&nbsp;<a href=\"tel:+41313126112\">031 312 61 12<\/a><\/p>\n<\/div>\n\n\n\n<div class=\"wp-block-column is-layout-flow wp-block-column-is-layout-flow\">\n<figure class=\"wp-block-image size-large\"><img loading=\"lazy\" decoding=\"async\" width=\"600\" height=\"600\" src=\"https:\/\/mysegobu.cyon.site\/wp-content\/uploads\/2024\/08\/umschlag-1024x1024-1-600x600.jpg\" alt=\"\" class=\"wp-image-30529\" srcset=\"https:\/\/www.swiss1chirurgie.ch\/wp-content\/uploads\/2024\/08\/umschlag-1024x1024-1-600x600.jpg 600w, https:\/\/www.swiss1chirurgie.ch\/wp-content\/uploads\/2024\/08\/umschlag-1024x1024-1-150x150.jpg 150w, https:\/\/www.swiss1chirurgie.ch\/wp-content\/uploads\/2024\/08\/umschlag-1024x1024-1-768x768.jpg 768w, https:\/\/www.swiss1chirurgie.ch\/wp-content\/uploads\/2024\/08\/umschlag-1024x1024-1.jpg 1024w\" sizes=\"auto, (max-width: 600px) 100vw, 600px\" \/><\/figure>\n<\/div>\n<\/div>\n\n\n\n<div class=\"wp-block-columns is-layout-flex wp-container-core-columns-is-layout-9d6595d7 wp-block-columns-is-layout-flex\">\n<div class=\"wp-block-column is-layout-flow wp-block-column-is-layout-flow\">\n<h3 class=\"wp-block-heading has-rot-color has-text-color has-link-color wp-elements-b114378551b408aa088fa4f8705e1252\"><strong>Nos services<\/strong><\/h3>\n\n\n\n<div class=\"wp-block-columns is-layout-flex wp-container-core-columns-is-layout-9d6595d7 wp-block-columns-is-layout-flex\">\n<div class=\"wp-block-column is-layout-flow wp-block-column-is-layout-flow\">\n<p><strong>Proctologie<\/strong><\/p>\n\n\n\n<p>H\u00e9morro\u00efdes<br>Marisques<br>Fissures<br>Polypes<br>Biopsies<br>Fistules<br>Condylomes<br>Chirurgie g\u00e9n\u00e9rale<\/p>\n<\/div>\n\n\n\n<div class=\"wp-block-column is-layout-flow wp-block-column-is-layout-flow\">\n<p><strong>Chirurgie g\u00e9n\u00e9rale<\/strong><\/p>\n\n\n\n<p>Lipomes<br>Ganglions lymphatiques<br>Tumeurs cutan\u00e9es<br>Ath\u00e9romes<br>Abc\u00e8s<br>Hernies ombilicales<br>Petites hernies de la paroi abdominale<\/p>\n<\/div>\n<\/div>\n<\/div>\n\n\n\n<div class=\"wp-block-column is-layout-flow wp-block-column-is-layout-flow\">\n<h3 class=\"wp-block-heading has-rot-color has-text-color has-link-color wp-elements-e33a8caee9ff960e695406eaa7b5b5b9\"><strong>Notre proc\u00e9dure<\/strong><\/h3>\n\n\n\n<ol class=\"wp-block-list\">\n<li>Inscription par des m\u00e9decins r\u00e9f\u00e9rents vers Swiss1Chirurgie<\/li>\n\n\n\n<li>L&rsquo;inscription directe par les patients est \u00e9galement possible (selon le mod\u00e8le d&rsquo;assurance)<\/li>\n\n\n\n<li>Demande rapide de consultation chirurgicale (dans les 2 semaines)<\/li>\n\n\n\n<li>Date d&rsquo;exploitation dans un d\u00e9lai de 1 \u00e0 4 semaines<\/li>\n\n\n\n<li>Chirurgie ambulatoire sous anesth\u00e9sie g\u00e9n\u00e9rale, partielle ou locale (temps requis pour les patients 2 \u00e0 3 heures)<\/li>\n\n\n\n<li>Contr\u00f4les de suivi par les m\u00e9decins g\u00e9n\u00e9ralistes ; dans le cas des proc\u00e9dures proctologiques, un contr\u00f4le de suivi par le Dr A. Scheiwiller apr\u00e8s 6 semaines<\/li>\n<\/ol>\n<\/div>\n<\/div>\n","protected":false},"excerpt":{"rendered":"Chirurgie ambulatoire:professionnel, central, simple Swiss1Chirurgie op\u00e8re au centre de chirurgie ambulatoire OPERA Berne Au centre de chirurgie ambulatoire OPERA Berne nous r\u00e9alisons de petites op\u00e9rations ambulatoires. L&rsquo;\u00e9ventail des interventions comprend la chirurgie proctologique, les tumeurs cutan\u00e9es, les lipomes, les hernies ombilicales ou les corrections de cicatrices. Notre setting permet un d\u00e9roulement simple sans solliciter les ressources limit\u00e9es de l&rsquo;h\u00f4pital. Nous offrons aux patients une nouvelle infrastructure, une \u00e9quipe bien rod\u00e9e et exp\u00e9riment\u00e9e depuis de nombreuses ann\u00e9es. Le temps n\u00e9cessaire \u00e0 [&hellip;]","protected":false},"author":3,"featured_media":30525,"parent":0,"menu_order":5,"comment_status":"closed","ping_status":"closed","template":"","meta":{"_acf_changed":false,"footnotes":""},"class_list":["post-30770","page","type-page","status-publish","has-post-thumbnail","hentry"],"acf":[],"_links":{"self":[{"href":"https:\/\/www.swiss1chirurgie.ch\/fr\/wp-json\/wp\/v2\/pages\/30770","targetHints":{"allow":["GET"]}}],"collection":[{"href":"https:\/\/www.swiss1chirurgie.ch\/fr\/wp-json\/wp\/v2\/pages"}],"about":[{"href":"https:\/\/www.swiss1chirurgie.ch\/fr\/wp-json\/wp\/v2\/types\/page"}],"author":[{"embeddable":true,"href":"https:\/\/www.swiss1chirurgie.ch\/fr\/wp-json\/wp\/v2\/users\/3"}],"replies":[{"embeddable":true,"href":"https:\/\/www.swiss1chirurgie.ch\/fr\/wp-json\/wp\/v2\/comments?post=30770"}],"version-history":[{"count":6,"href":"https:\/\/www.swiss1chirurgie.ch\/fr\/wp-json\/wp\/v2\/pages\/30770\/revisions"}],"predecessor-version":[{"id":31211,"href":"https:\/\/www.swiss1chirurgie.ch\/fr\/wp-json\/wp\/v2\/pages\/30770\/revisions\/31211"}],"wp:featuredmedia":[{"embeddable":true,"href":"https:\/\/www.swiss1chirurgie.ch\/fr\/wp-json\/wp\/v2\/media\/30525"}],"wp:attachment":[{"href":"https:\/\/www.swiss1chirurgie.ch\/fr\/wp-json\/wp\/v2\/media?parent=30770"}],"curies":[{"name":"wp","href":"https:\/\/api.w.org\/{rel}","templated":true}]}}