{"id":30858,"date":"2024-04-18T14:51:02","date_gmt":"2024-04-18T12:51:02","guid":{"rendered":"https:\/\/mysegobu.cyon.site\/?page_id=30858"},"modified":"2024-08-27T12:29:05","modified_gmt":"2024-08-27T10:29:05","slug":"thyroid-gland-parathyroid-glands-adrenal-gland","status":"publish","type":"page","link":"https:\/\/www.swiss1chirurgie.ch\/en\/specialties\/thyroid-gland-parathyroid-glands-adrenal-gland\/","title":{"rendered":"Thyroid gland, parathyroid glands, adrenal gland"},"content":{"rendered":"<h1 class=\"wp-block-post-title\">Thyroid gland, parathyroid glands, adrenal gland<\/h1>\n\n\n<div class=\"wp-block-columns is-layout-flex wp-container-core-columns-is-layout-9d6595d7 wp-block-columns-is-layout-flex\">\n<div class=\"wp-block-column is-layout-flow wp-block-column-is-layout-flow\" style=\"flex-basis:33.33%\">\n<p class=\"has-rot-color has-text-color has-link-color wp-elements-b6578678efc81f5fb78fcc90be4da1bd\">The thyroid gland is the pacemaker of our entire organism.<\/p>\n\n\n\n<figure class=\"wp-block-image aligncenter size-full is-resized\"><img decoding=\"async\" src=\"https:\/\/www.swiss1chirurgie.ch\/wp-content\/uploads\/2024\/07\/schilddruese-dark.svg\" alt=\"\" class=\"wp-image-29883\" style=\"width:120px\"\/><\/figure>\n<\/div>\n\n\n\n<div class=\"wp-block-column is-layout-flow wp-block-column-is-layout-flow\" style=\"flex-basis:66.66%\">\n<p class=\"has-black-color has-text-color has-link-color wp-elements-09ecdabdf8ccbd33b33b2befeb3b2e14\">Thyroid glands, parathyroid glands and the adrenal glands belong to the field of endocrine surgery. This is the surgery of the hormone-producing organs that fulfill important functions of our metabolism.<\/p>\n\n\n\n<p class=\"has-black-color has-text-color has-link-color wp-elements-6621b7d1accbe19bb692e49ea8a1ee29\">The thyroid gland produces the thyroid hormones thyroxine, or T4 for short, and triiodothyronine, or T3 for short. These act on many different organs in the human body and function as a kind of accelerator pedal for the metabolism. The thyroid gland needs sufficient iodine to produce thyroid hormones.<\/p>\n\n\n\n<p>The parathyroid glands regulate calcium metabolism, the adrenal glands produce stress hormones and sex hormones.<\/p>\n\n\n\n<p>With Dr. med. Anita Scheiwiller, we have a very experienced expert in thyroid and parathyroid surgery in our team.<\/p>\n<\/div>\n<\/div>\n\n\n\n<div id=\"\" class=\"block-inner\">\n\t<div class=\"uk-container  stoerer top\">\n\t\t\n\n<h2 class=\"wp-block-heading\">Which thyroid diseases are common?<\/h2>\n\n\n\n<div class=\"wp-block-columns stack-reverse is-layout-flex wp-container-core-columns-is-layout-9d6595d7 wp-block-columns-is-layout-flex\">\n<div class=\"wp-block-column is-layout-flow wp-block-column-is-layout-flow\" style=\"flex-basis:33.33%\">\n<figure class=\"wp-block-image size-full\"><img loading=\"lazy\" decoding=\"async\" width=\"565\" height=\"355\" src=\"https:\/\/www.swiss1chirurgie.ch\/wp-content\/uploads\/2024\/08\/struma.png\" alt=\"\" class=\"wp-image-30366\"\/><\/figure>\n<\/div>\n\n\n\n<div class=\"wp-block-column is-layout-flow wp-block-column-is-layout-flow\" style=\"flex-basis:66.66%\">\n<h3 class=\"wp-block-heading\"><strong>Goiter<\/strong><\/h3>\n\n\n\n<p>This is the most common disease of the thyroid gland. It is a benign nodular enlargement of the thyroid gland and the main cause is an iodine deficiency. As many foods today are enriched with iodine (e.g. our table salt), goiters are no longer as common as they used to be.<\/p>\n<\/div>\n<\/div>\n\n\n\n<div class=\"wp-block-columns stack-reverse is-layout-flex wp-container-core-columns-is-layout-9d6595d7 wp-block-columns-is-layout-flex\">\n<div class=\"wp-block-column is-layout-flow wp-block-column-is-layout-flow\" style=\"flex-basis:33.33%\">\n<figure class=\"wp-block-image size-full\"><img loading=\"lazy\" decoding=\"async\" width=\"1133\" height=\"712\" src=\"https:\/\/www.swiss1chirurgie.ch\/wp-content\/uploads\/2024\/08\/schilddruesenkrebs-1.png\" alt=\"\" class=\"wp-image-30377\" srcset=\"https:\/\/www.swiss1chirurgie.ch\/wp-content\/uploads\/2024\/08\/schilddruesenkrebs-1.png 1133w, https:\/\/www.swiss1chirurgie.ch\/wp-content\/uploads\/2024\/08\/schilddruesenkrebs-1-600x377.png 600w, https:\/\/www.swiss1chirurgie.ch\/wp-content\/uploads\/2024\/08\/schilddruesenkrebs-1-800x503.png 800w, https:\/\/www.swiss1chirurgie.ch\/wp-content\/uploads\/2024\/08\/schilddruesenkrebs-1-768x483.png 768w\" sizes=\"auto, (max-width: 1133px) 100vw, 1133px\" \/><\/figure>\n<\/div>\n\n\n\n<div class=\"wp-block-column is-layout-flow wp-block-column-is-layout-flow\" style=\"flex-basis:66.66%\">\n<h3 class=\"wp-block-heading\"><strong>Thyroid cancer<\/strong><\/h3>\n\n\n\n<p>Dies ist eine b\u00f6sartige Vergr\u00f6sserung der Schilddr\u00fcse und ist sehr viel seltener als gutartige Vergr\u00f6sserungen. Die Prognose ist sehr viel besser als bei vielen anderen Krebserkrankungen.<\/p>\n<\/div>\n<\/div>\n\n\n\n<div class=\"wp-block-columns is-layout-flex wp-container-core-columns-is-layout-9d6595d7 wp-block-columns-is-layout-flex\">\n<div class=\"wp-block-column is-layout-flow wp-block-column-is-layout-flow\" style=\"flex-basis:33.33%\"><\/div>\n\n\n\n<div class=\"wp-block-column is-layout-flow wp-block-column-is-layout-flow\" style=\"flex-basis:66.66%\">\n<h3 class=\"wp-block-heading\"><strong>Malfunctions<\/strong><\/h3>\n\n\n\n<p><strong>Hypothyroidism:<\/strong> too few thyroid hormones are produced. This results in tiredness, weight gain, feeling cold or a low pulse. Dry skin and brittle hair are also typical signs of hypofunction.<\/p>\n\n\n\n<p><strong>Hyperthyroidism<\/strong>: too many hormones are released. This leads to the opposite symptoms, i.e. sweating, weight loss, nervousness or palpitations. Hyperthyroidism can also lead to an enlargement of the thyroid gland.<\/p>\n\n\n\n<p>Inflammation, autoimmune diseases or an iodine deficiency may be the cause of a functional disorder.<\/p>\n<\/div>\n<\/div>\n\n\n\t<\/div>\n<\/div>\n\n\n<div class=\"wp-block-columns is-layout-flex wp-container-core-columns-is-layout-9d6595d7 wp-block-columns-is-layout-flex\">\n<div class=\"wp-block-column is-layout-flow wp-block-column-is-layout-flow\">\n<h2 class=\"wp-block-heading\">What are the symptoms of thyroid disease?<\/h2>\n\n\n\n<p>If the thyroid is underactive, our metabolism slows down, while if it is overactive, it speeds up. The symptoms of dysfunction are correspondingly diverse. They range from weight changes and tiredness to nervousness and heart palpitations. An enlarged thyroid can press on the windpipe or esophagus, causing difficulty swallowing or shortness of breath.<\/p>\n\n\n\n<h2 class=\"wp-block-heading\">What diagnostic options are there?<\/h2>\n\n\n\n<p>Zu einer Untersuchung der Schilddr\u00fcse geh\u00f6rt immer eine Laborkontrolle der Schilddr\u00fcsenhormone. Zudem wird ein Ultraschall durchgef\u00fchrt, um eine Vergr\u00f6sserung des Organs zu sehen. Bei Knoten kann eine Biopsie mittels Feinnadelpunktion durchgef\u00fchrt werden. Eine Szintigrafie misst die Stoffwechselfunktion der Schilddr\u00fcse.<\/p>\n\n\n\n<h2 class=\"wp-block-heading\">When must an operation be performed?<\/h2>\n\n\n\n<p>Functional disorders of the thyroid gland can often be treated with medication. However, if the therapy does not respond sufficiently or is poorly tolerated, an operation is advisable, especially in the case of hyperthyroidism.<\/p>\n\n\n\n<p>Surgery should also be performed in the case of goitre if symptoms occur or if the nodules change rapidly. In the case of thyroid cancer or even if a malignant change is strongly suspected, surgery should always be performed immediately.<\/p>\n\n\n\n<h2 class=\"wp-block-heading\">What does thyroid surgery look like?<\/h2>\n\n\n\n<p>The operation begins with a transverse incision in the lower neck area. The thyroid gland is then reached between the short neck muscles. The organ is shaped like a butterfly. We always operate with magnifying glasses so that the very fine structures are clearly visible. Injury to the vocal cord nerve located directly below the thyroid gland must be avoided at all costs. We use neuromonitoring to make the nerve signal audible. The four very small parathyroid glands adjacent to the thyroid gland should also always be spared.<\/p>\n\n\n\n<p>If only one side of the thyroid gland is enlarged or diseased, unilateral surgery is sufficient. The entire thyroid tissue on one side is removed. If both sides are affected, the entire organ must be removed. If surgery is performed on one side, normal hormone function usually continues. In the case of bilateral surgery, the thyroid hormones must be taken in tablet form afterwards. However, this is very simple. The hormones must then be checked every 6-12 months.<\/p>\n\n\n\n<p>A thyroid operation takes 1.5-2 hours, followed by a hospital stay of 2 days.<\/p>\n<\/div>\n<\/div>\n\n\n\n<p><\/p>\n\n\n\n<div class=\"block-post-kat\">\n\t<div class=\"uk-child-width-1-3@m uk-grid-match\" uk-grid >\n\t\t\t<div class=\"post-card\">\n\t\t\t<div class=\"uk-card uk-card-default\">\n\t\t\t\t\t\t<div class=\"uk-card-media-top bild\" style=\"background-image:url(https:\/\/www.swiss1chirurgie.ch\/wp-content\/uploads\/2021\/10\/Die-Schilddrse-Ein-kleines-Organ-mit-grosser-Wirkung-scaled-1-e42b358.jpg);\">\n\t\t\t\t<a href=\"https:\/\/www.swiss1chirurgie.ch\/en\/the-thyroid-gland-a-small-organ-with-a-big-impact\/\"><\/a>\n\t\t\t<\/div>\n\t\t\t\t\t\t\t<div class=\"uk-card-body uk-padding-small\">\n\t\t\t\t\t<h3><a href=\"https:\/\/www.swiss1chirurgie.ch\/en\/the-thyroid-gland-a-small-organ-with-a-big-impact\/\">The thyroid gland &#8211; a small organ with a big impact<\/a><\/h3>\n\t\t\t\t\t<div class=\"short-info\">\n\t\t\t\t\t\tDr. med. Anita Scheiwiller Specialist in Surgery FMH Focus Visceral Surgery The thyroid gland is a very small but all&hellip;\t\t\t\t\t<\/div>\n\t\t\t\t\t<div class=\"button-wrap\">\n\t\t\t\t\t\t<a href=\"https:\/\/www.swiss1chirurgie.ch\/en\/the-thyroid-gland-a-small-organ-with-a-big-impact\/\">read more <span uk-icon=\"chevron-right\"><\/span><\/a>\n\t\t\t\t\t<\/div>\n\t\t\t\t<\/div>\n\t\t\t<\/div>\n\t\t<\/div>\n\t\t\n\t\n\t\t\t<\/div>\n\t<div class=\"more-posts-wrap\">\n\t\t<a href=\"https:\/\/www.swiss1chirurgie.ch\/en\/news\/\" class=\"uk-button\">more articles<\/a>\n\t<\/div>\t\n<\/div>\n\n","protected":false},"excerpt":{"rendered":"The thyroid gland is the pacemaker of our entire organism. Thyroid glands, parathyroid glands and the adrenal glands belong to the field of endocrine surgery. This is the surgery of the hormone-producing organs that fulfill important functions of our metabolism. The thyroid gland produces the thyroid hormones thyroxine, or T4 for short, and triiodothyronine, or T3 for short. These act on many different organs in the human body and function as a kind of accelerator pedal for the metabolism. The [&hellip;]","protected":false},"author":3,"featured_media":30189,"parent":30849,"menu_order":1,"comment_status":"closed","ping_status":"closed","template":"template-full-width.php","meta":{"_acf_changed":false,"footnotes":""},"class_list":["post-30858","page","type-page","status-publish","has-post-thumbnail","hentry"],"acf":[],"_links":{"self":[{"href":"https:\/\/www.swiss1chirurgie.ch\/en\/wp-json\/wp\/v2\/pages\/30858","targetHints":{"allow":["GET"]}}],"collection":[{"href":"https:\/\/www.swiss1chirurgie.ch\/en\/wp-json\/wp\/v2\/pages"}],"about":[{"href":"https:\/\/www.swiss1chirurgie.ch\/en\/wp-json\/wp\/v2\/types\/page"}],"author":[{"embeddable":true,"href":"https:\/\/www.swiss1chirurgie.ch\/en\/wp-json\/wp\/v2\/users\/3"}],"replies":[{"embeddable":true,"href":"https:\/\/www.swiss1chirurgie.ch\/en\/wp-json\/wp\/v2\/comments?post=30858"}],"version-history":[{"count":3,"href":"https:\/\/www.swiss1chirurgie.ch\/en\/wp-json\/wp\/v2\/pages\/30858\/revisions"}],"predecessor-version":[{"id":31108,"href":"https:\/\/www.swiss1chirurgie.ch\/en\/wp-json\/wp\/v2\/pages\/30858\/revisions\/31108"}],"up":[{"embeddable":true,"href":"https:\/\/www.swiss1chirurgie.ch\/en\/wp-json\/wp\/v2\/pages\/30849"}],"wp:featuredmedia":[{"embeddable":true,"href":"https:\/\/www.swiss1chirurgie.ch\/en\/wp-json\/wp\/v2\/media\/30189"}],"wp:attachment":[{"href":"https:\/\/www.swiss1chirurgie.ch\/en\/wp-json\/wp\/v2\/media?parent=30858"}],"curies":[{"name":"wp","href":"https:\/\/api.w.org\/{rel}","templated":true}]}}